{"id":265,"date":"2017-06-21T08:08:41","date_gmt":"2017-06-21T08:08:41","guid":{"rendered":"http:\/\/dummy.xtemos.com\/woodmart-elementor\/?page_id=265"},"modified":"2017-06-21T08:08:41","modified_gmt":"2017-06-21T08:08:41","slug":"compare","status":"publish","type":"page","link":"http:\/\/ekoturka.com\/tr\/compare\/","title":{"rendered":"Kar\u015f\u0131la\u015ft\u0131r"},"content":{"rendered":"<p class=\"wd-empty-compare wd-empty-page\">\n\t\t\tCompare list is empty.\t\t<\/p>\n\t\t\t\t\t<div class=\"wd-empty-page-text translation-block\">Kar\u015f\u0131la\u015ft\u0131rma listesine eklenmi\u015f \u00fcr\u00fcn yok. Kar\u015f\u0131la\u015ft\u0131rmak i\u00e7in baz\u0131 \u00fcr\u00fcnler eklemelisiniz.\n\"\u00dcr\u00fcnler\" sayfam\u0131zda bir\u00e7ok ilgin\u00e7 \u00fcr\u00fcn bulacaks\u0131n\u0131z.<\/div>\n\t\t\t\t<p class=\"return-to-shop\">\n\t\t\t<a class=\"button\" href=\"http:\/\/ekoturka.com\/tr\/heat-pumps\/\">\n\t\t\t\tReturn to shop\t\t\t<\/a>\n\t\t<\/p>","protected":false},"excerpt":{"rendered":"","protected":false},"author":7,"featured_media":0,"parent":0,"menu_order":0,"comment_status":"closed","ping_status":"closed","template":"","meta":{"footnotes":""},"class_list":["post-265","page","type-page","status-publish","hentry"],"yoast_head":"<!-- This site is optimized with the Yoast SEO Premium plugin v20.10 (Yoast SEO v20.10) - https:\/\/yoast.com\/wordpress\/plugins\/seo\/ -->\n<title>Compare | Ecocycle<\/title>\n<meta name=\"robots\" content=\"index, follow, max-snippet:-1, max-image-preview:large, max-video-preview:-1\" \/>\n<link rel=\"canonical\" href=\"http:\/\/ekoturka.com\/tr\/compare\/\" \/>\n<meta property=\"og:locale\" content=\"tr_TR\" \/>\n<meta property=\"og:type\" content=\"article\" \/>\n<meta property=\"og:title\" content=\"Compare\" \/>\n<meta property=\"og:url\" content=\"http:\/\/ekoturka.com\/tr\/compare\/\" \/>\n<meta property=\"og:site_name\" content=\"Ecocycle\" \/>\n<meta name=\"twitter:card\" content=\"summary_large_image\" \/>\n<script type=\"application\/ld+json\" class=\"yoast-schema-graph\">{\"@context\":\"https:\/\/schema.org\",\"@graph\":[{\"@type\":\"WebPage\",\"@id\":\"https:\/\/ekoturka.com\/en\/compare\/\",\"url\":\"https:\/\/ekoturka.com\/en\/compare\/\",\"name\":\"Compare | Ecocycle\",\"isPartOf\":{\"@id\":\"http:\/\/ekoturka.com\/en\/#website\"},\"datePublished\":\"2017-06-21T08:08:41+00:00\",\"dateModified\":\"2017-06-21T08:08:41+00:00\",\"breadcrumb\":{\"@id\":\"https:\/\/ekoturka.com\/en\/compare\/#breadcrumb\"},\"inLanguage\":\"tr\",\"potentialAction\":[{\"@type\":\"ReadAction\",\"target\":[\"https:\/\/ekoturka.com\/en\/compare\/\"]}]},{\"@type\":\"BreadcrumbList\",\"@id\":\"https:\/\/ekoturka.com\/en\/compare\/#breadcrumb\",\"itemListElement\":[{\"@type\":\"ListItem\",\"position\":1,\"name\":\"Home\",\"item\":\"http:\/\/ekoturka.com\/en\/\"},{\"@type\":\"ListItem\",\"position\":2,\"name\":\"Compare\"}]},{\"@type\":\"WebSite\",\"@id\":\"http:\/\/ekoturka.com\/en\/#website\",\"url\":\"http:\/\/ekoturka.com\/en\/\",\"name\":\"Ecocycle\",\"description\":\"Heat Pump\",\"publisher\":{\"@id\":\"http:\/\/ekoturka.com\/en\/#organization\"},\"potentialAction\":[{\"@type\":\"SearchAction\",\"target\":{\"@type\":\"EntryPoint\",\"urlTemplate\":\"http:\/\/ekoturka.com\/en\/?s={search_term_string}\"},\"query-input\":\"required name=search_term_string\"}],\"inLanguage\":\"tr\"},{\"@type\":\"Organization\",\"@id\":\"http:\/\/ekoturka.com\/en\/#organization\",\"name\":\"Ecocycle Heat Pumps\",\"url\":\"http:\/\/ekoturka.com\/en\/\",\"logo\":{\"@type\":\"ImageObject\",\"inLanguage\":\"tr\",\"@id\":\"http:\/\/ekoturka.com\/en\/#\/schema\/logo\/image\/\",\"url\":\"https:\/\/ekoturka.com\/wp-content\/uploads\/2021\/11\/logo-ecocycle-heat-pumps-min.jpg\",\"contentUrl\":\"https:\/\/ekoturka.com\/wp-content\/uploads\/2021\/11\/logo-ecocycle-heat-pumps-min.jpg\",\"width\":534,\"height\":150,\"caption\":\"Ecocycle Heat Pumps\"},\"image\":{\"@id\":\"http:\/\/ekoturka.com\/en\/#\/schema\/logo\/image\/\"}}]}<\/script>\n<!-- \/ Yoast SEO Premium plugin. -->","yoast_head_json":{"title":"Compare | Ecocycle","robots":{"index":"index","follow":"follow","max-snippet":"max-snippet:-1","max-image-preview":"max-image-preview:large","max-video-preview":"max-video-preview:-1"},"canonical":"http:\/\/ekoturka.com\/tr\/compare\/","og_locale":"tr_TR","og_type":"article","og_title":"Compare","og_url":"http:\/\/ekoturka.com\/tr\/compare\/","og_site_name":"Ecocycle","twitter_card":"summary_large_image","schema":{"@context":"https:\/\/schema.org","@graph":[{"@type":"WebPage","@id":"https:\/\/ekoturka.com\/en\/compare\/","url":"https:\/\/ekoturka.com\/en\/compare\/","name":"Compare | Ecocycle","isPartOf":{"@id":"http:\/\/ekoturka.com\/en\/#website"},"datePublished":"2017-06-21T08:08:41+00:00","dateModified":"2017-06-21T08:08:41+00:00","breadcrumb":{"@id":"https:\/\/ekoturka.com\/en\/compare\/#breadcrumb"},"inLanguage":"tr","potentialAction":[{"@type":"ReadAction","target":["https:\/\/ekoturka.com\/en\/compare\/"]}]},{"@type":"BreadcrumbList","@id":"https:\/\/ekoturka.com\/en\/compare\/#breadcrumb","itemListElement":[{"@type":"ListItem","position":1,"name":"Home","item":"http:\/\/ekoturka.com\/en\/"},{"@type":"ListItem","position":2,"name":"Compare"}]},{"@type":"WebSite","@id":"http:\/\/ekoturka.com\/en\/#website","url":"http:\/\/ekoturka.com\/en\/","name":"Ecocycle","description":"Heat Pump","publisher":{"@id":"http:\/\/ekoturka.com\/en\/#organization"},"potentialAction":[{"@type":"SearchAction","target":{"@type":"EntryPoint","urlTemplate":"http:\/\/ekoturka.com\/en\/?s={search_term_string}"},"query-input":"required name=search_term_string"}],"inLanguage":"tr"},{"@type":"Organization","@id":"http:\/\/ekoturka.com\/en\/#organization","name":"Ecocycle Heat Pumps","url":"http:\/\/ekoturka.com\/en\/","logo":{"@type":"ImageObject","inLanguage":"tr","@id":"http:\/\/ekoturka.com\/en\/#\/schema\/logo\/image\/","url":"https:\/\/ekoturka.com\/wp-content\/uploads\/2021\/11\/logo-ecocycle-heat-pumps-min.jpg","contentUrl":"https:\/\/ekoturka.com\/wp-content\/uploads\/2021\/11\/logo-ecocycle-heat-pumps-min.jpg","width":534,"height":150,"caption":"Ecocycle Heat Pumps"},"image":{"@id":"http:\/\/ekoturka.com\/en\/#\/schema\/logo\/image\/"}}]}},"_links":{"self":[{"href":"http:\/\/ekoturka.com\/tr\/wp-json\/wp\/v2\/pages\/265","targetHints":{"allow":["GET"]}}],"collection":[{"href":"http:\/\/ekoturka.com\/tr\/wp-json\/wp\/v2\/pages"}],"about":[{"href":"http:\/\/ekoturka.com\/tr\/wp-json\/wp\/v2\/types\/page"}],"author":[{"embeddable":true,"href":"http:\/\/ekoturka.com\/tr\/wp-json\/wp\/v2\/users\/7"}],"replies":[{"embeddable":true,"href":"http:\/\/ekoturka.com\/tr\/wp-json\/wp\/v2\/comments?post=265"}],"version-history":[{"count":0,"href":"http:\/\/ekoturka.com\/tr\/wp-json\/wp\/v2\/pages\/265\/revisions"}],"wp:attachment":[{"href":"http:\/\/ekoturka.com\/tr\/wp-json\/wp\/v2\/media?parent=265"}],"curies":[{"name":"wp","href":"https:\/\/api.w.org\/{rel}","templated":true}]}}