{"id":12179,"date":"2021-10-22T19:03:00","date_gmt":"2021-10-22T19:03:00","guid":{"rendered":"https:\/\/ekoturka.com\/?post_type=product&#038;p=12179"},"modified":"2022-01-09T17:09:30","modified_gmt":"2022-01-09T17:09:30","slug":"ecocycle-mw12","status":"publish","type":"product","link":"http:\/\/ekoturka.com\/tr\/urun\/ecocycle-mw12\/","title":{"rendered":"Ecocycle MW12"},"content":{"rendered":"<div data-elementor-type=\"wp-post\" data-elementor-id=\"12179\" class=\"elementor elementor-12179\">\n\t\t\t\t\t\t\t\t\t<section class=\"wd-negative-gap elementor-section elementor-top-section elementor-element elementor-element-4699754 elementor-section-boxed elementor-section-height-default elementor-section-height-default wd-section-disabled\" data-id=\"4699754\" data-element_type=\"section\">\n\t\t\t\t\t\t<div class=\"elementor-container elementor-column-gap-default\">\n\t\t\t\t\t<div class=\"elementor-column elementor-col-100 elementor-top-column elementor-element elementor-element-4796542\" data-id=\"4796542\" data-element_type=\"column\">\n\t\t\t<div class=\"elementor-widget-wrap elementor-element-populated\">\n\t\t\t\t\t\t\t\t<div class=\"elementor-element elementor-element-79c5eb3 elementor-widget elementor-widget-wp-widget-text\" data-id=\"79c5eb3\" data-element_type=\"widget\" data-widget_type=\"wp-widget-text.default\">\n\t\t\t\t<div class=\"elementor-widget-container\">\n\t\t\t\t\t\t<div class=\"textwidget\"><p><object><\/object><\/p>\n<\/div>\n\t\t\t\t<\/div>\n\t\t\t\t<\/div>\n\t\t\t\t\t<\/div>\n\t\t<\/div>\n\t\t\t\t\t\t\t<\/div>\n\t\t<\/section>\n\t\t\t\t\t\t\t<\/div>","protected":false},"excerpt":{"rendered":"<p>Is\u0131tma modu 1\u2019de 0\u00b0C\u2019lik su kayna\u011f\u0131nda 35\u00b0C\u2019lik s\u0131cak su \u00e7\u0131k\u0131\u015f\u0131nda 12,30kW kapasite ve COP 4,50\u2019lik verimlili\u011fe sahiptir. Is\u0131tma modu 2\u2019de 10\u00b0C\u2019lik su kayna\u011f\u0131nda 35\u00b0C\u2019lik s\u0131cak su \u00e7\u0131k\u0131\u015f\u0131nda 16,50kW kapasite ve COP 5,84\u2019lik verimlili\u011fe sahiptir.<\/p>","protected":false},"featured_media":12190,"template":"","meta":[],"product_cat":[92],"product_tag":[],"class_list":["post-12179","product","type-product","status-publish","has-post-thumbnail","hentry","product_cat-water-to-water"],"yoast_head":"<!-- This site is optimized with the Yoast SEO Premium plugin v20.10 (Yoast SEO v20.10) - https:\/\/yoast.com\/wordpress\/plugins\/seo\/ -->\n<title>Ecocycle MW12 | Ecocycle<\/title>\n<meta name=\"robots\" content=\"index, follow, max-snippet:-1, max-image-preview:large, max-video-preview:-1\" \/>\n<link rel=\"canonical\" href=\"https:\/\/ekoturka.com\/tr\/urun\/ecocycle-mw12\/\" \/>\n<meta property=\"og:locale\" content=\"tr_TR\" \/>\n<meta property=\"og:type\" content=\"article\" \/>\n<meta property=\"og:title\" content=\"Ecocycle MW12\" \/>\n<meta property=\"og:description\" content=\"In heating mode 1, it has a capacity of 12,30kW and an efficiency of COP 4,50 at a hot water output of 35\u00b0C in 0\u00b0C source of water. In heating mode 2, it has a capacity of 16,50kW and an efficiency of COP 5,84 at a hot water output of 35\u00b0C in 10\u00b0C source of water.\" \/>\n<meta property=\"og:url\" content=\"https:\/\/ekoturka.com\/tr\/urun\/ecocycle-mw12\/\" \/>\n<meta property=\"og:site_name\" content=\"Ecocycle\" \/>\n<meta property=\"article:modified_time\" content=\"2022-01-09T17:09:30+00:00\" \/>\n<meta property=\"og:image\" content=\"https:\/\/ekoturka.com\/wp-content\/uploads\/2021\/10\/watertowater.jpg\" \/>\n\t<meta property=\"og:image:width\" content=\"801\" \/>\n\t<meta property=\"og:image:height\" content=\"801\" \/>\n\t<meta property=\"og:image:type\" content=\"image\/jpeg\" \/>\n<meta name=\"twitter:card\" content=\"summary_large_image\" \/>\n<script type=\"application\/ld+json\" class=\"yoast-schema-graph\">{\"@context\":\"https:\/\/schema.org\",\"@graph\":[{\"@type\":\"WebPage\",\"@id\":\"https:\/\/ekoturka.com\/tr\/urun\/ecocycle-mw12\/\",\"url\":\"https:\/\/ekoturka.com\/tr\/urun\/ecocycle-mw12\/\",\"name\":\"Ecocycle MW12 | Ecocycle\",\"isPartOf\":{\"@id\":\"http:\/\/ekoturka.com\/en\/#website\"},\"datePublished\":\"2021-10-22T19:03:00+00:00\",\"dateModified\":\"2022-01-09T17:09:30+00:00\",\"breadcrumb\":{\"@id\":\"https:\/\/ekoturka.com\/tr\/urun\/ecocycle-mw12\/#breadcrumb\"},\"inLanguage\":\"tr\",\"potentialAction\":[{\"@type\":\"ReadAction\",\"target\":[\"https:\/\/ekoturka.com\/tr\/urun\/ecocycle-mw12\/\"]}]},{\"@type\":\"BreadcrumbList\",\"@id\":\"https:\/\/ekoturka.com\/tr\/urun\/ecocycle-mw12\/#breadcrumb\",\"itemListElement\":[{\"@type\":\"ListItem\",\"position\":1,\"name\":\"Home\",\"item\":\"http:\/\/ekoturka.com\/en\/\"},{\"@type\":\"ListItem\",\"position\":2,\"name\":\"Ecocycle Heat Pumps\",\"item\":\"https:\/\/ekoturka.com\/en\/heat-pumps\/\"},{\"@type\":\"ListItem\",\"position\":3,\"name\":\"Ecocycle MW12\"}]},{\"@type\":\"WebSite\",\"@id\":\"http:\/\/ekoturka.com\/en\/#website\",\"url\":\"http:\/\/ekoturka.com\/en\/\",\"name\":\"Ecocycle\",\"description\":\"Heat Pump\",\"publisher\":{\"@id\":\"http:\/\/ekoturka.com\/en\/#organization\"},\"potentialAction\":[{\"@type\":\"SearchAction\",\"target\":{\"@type\":\"EntryPoint\",\"urlTemplate\":\"http:\/\/ekoturka.com\/en\/?s={search_term_string}\"},\"query-input\":\"required name=search_term_string\"}],\"inLanguage\":\"tr\"},{\"@type\":\"Organization\",\"@id\":\"http:\/\/ekoturka.com\/en\/#organization\",\"name\":\"Ecocycle Heat Pumps\",\"url\":\"http:\/\/ekoturka.com\/en\/\",\"logo\":{\"@type\":\"ImageObject\",\"inLanguage\":\"tr\",\"@id\":\"http:\/\/ekoturka.com\/en\/#\/schema\/logo\/image\/\",\"url\":\"https:\/\/ekoturka.com\/wp-content\/uploads\/2021\/11\/logo-ecocycle-heat-pumps-min.jpg\",\"contentUrl\":\"https:\/\/ekoturka.com\/wp-content\/uploads\/2021\/11\/logo-ecocycle-heat-pumps-min.jpg\",\"width\":534,\"height\":150,\"caption\":\"Ecocycle Heat Pumps\"},\"image\":{\"@id\":\"http:\/\/ekoturka.com\/en\/#\/schema\/logo\/image\/\"}}]}<\/script>\n<!-- \/ Yoast SEO Premium plugin. -->","yoast_head_json":{"title":"Ecocycle MW12 | Ecocycle","robots":{"index":"index","follow":"follow","max-snippet":"max-snippet:-1","max-image-preview":"max-image-preview:large","max-video-preview":"max-video-preview:-1"},"canonical":"https:\/\/ekoturka.com\/tr\/urun\/ecocycle-mw12\/","og_locale":"tr_TR","og_type":"article","og_title":"Ecocycle MW12","og_description":"In heating mode 1, it has a capacity of 12,30kW and an efficiency of COP 4,50 at a hot water output of 35\u00b0C in 0\u00b0C source of water. In heating mode 2, it has a capacity of 16,50kW and an efficiency of COP 5,84 at a hot water output of 35\u00b0C in 10\u00b0C source of water.","og_url":"https:\/\/ekoturka.com\/tr\/urun\/ecocycle-mw12\/","og_site_name":"Ecocycle","article_modified_time":"2022-01-09T17:09:30+00:00","og_image":[{"width":801,"height":801,"url":"https:\/\/ekoturka.com\/wp-content\/uploads\/2021\/10\/watertowater.jpg","type":"image\/jpeg"}],"twitter_card":"summary_large_image","schema":{"@context":"https:\/\/schema.org","@graph":[{"@type":"WebPage","@id":"https:\/\/ekoturka.com\/tr\/urun\/ecocycle-mw12\/","url":"https:\/\/ekoturka.com\/tr\/urun\/ecocycle-mw12\/","name":"Ecocycle MW12 | Ecocycle","isPartOf":{"@id":"http:\/\/ekoturka.com\/en\/#website"},"datePublished":"2021-10-22T19:03:00+00:00","dateModified":"2022-01-09T17:09:30+00:00","breadcrumb":{"@id":"https:\/\/ekoturka.com\/tr\/urun\/ecocycle-mw12\/#breadcrumb"},"inLanguage":"tr","potentialAction":[{"@type":"ReadAction","target":["https:\/\/ekoturka.com\/tr\/urun\/ecocycle-mw12\/"]}]},{"@type":"BreadcrumbList","@id":"https:\/\/ekoturka.com\/tr\/urun\/ecocycle-mw12\/#breadcrumb","itemListElement":[{"@type":"ListItem","position":1,"name":"Home","item":"http:\/\/ekoturka.com\/en\/"},{"@type":"ListItem","position":2,"name":"Ecocycle Heat Pumps","item":"https:\/\/ekoturka.com\/en\/heat-pumps\/"},{"@type":"ListItem","position":3,"name":"Ecocycle MW12"}]},{"@type":"WebSite","@id":"http:\/\/ekoturka.com\/en\/#website","url":"http:\/\/ekoturka.com\/en\/","name":"Ecocycle","description":"Heat Pump","publisher":{"@id":"http:\/\/ekoturka.com\/en\/#organization"},"potentialAction":[{"@type":"SearchAction","target":{"@type":"EntryPoint","urlTemplate":"http:\/\/ekoturka.com\/en\/?s={search_term_string}"},"query-input":"required name=search_term_string"}],"inLanguage":"tr"},{"@type":"Organization","@id":"http:\/\/ekoturka.com\/en\/#organization","name":"Ecocycle Heat Pumps","url":"http:\/\/ekoturka.com\/en\/","logo":{"@type":"ImageObject","inLanguage":"tr","@id":"http:\/\/ekoturka.com\/en\/#\/schema\/logo\/image\/","url":"https:\/\/ekoturka.com\/wp-content\/uploads\/2021\/11\/logo-ecocycle-heat-pumps-min.jpg","contentUrl":"https:\/\/ekoturka.com\/wp-content\/uploads\/2021\/11\/logo-ecocycle-heat-pumps-min.jpg","width":534,"height":150,"caption":"Ecocycle Heat Pumps"},"image":{"@id":"http:\/\/ekoturka.com\/en\/#\/schema\/logo\/image\/"}}]}},"_links":{"self":[{"href":"http:\/\/ekoturka.com\/tr\/wp-json\/wp\/v2\/product\/12179","targetHints":{"allow":["GET"]}}],"collection":[{"href":"http:\/\/ekoturka.com\/tr\/wp-json\/wp\/v2\/product"}],"about":[{"href":"http:\/\/ekoturka.com\/tr\/wp-json\/wp\/v2\/types\/product"}],"version-history":[{"count":19,"href":"http:\/\/ekoturka.com\/tr\/wp-json\/wp\/v2\/product\/12179\/revisions"}],"predecessor-version":[{"id":13195,"href":"http:\/\/ekoturka.com\/tr\/wp-json\/wp\/v2\/product\/12179\/revisions\/13195"}],"wp:featuredmedia":[{"embeddable":true,"href":"http:\/\/ekoturka.com\/tr\/wp-json\/wp\/v2\/media\/12190"}],"wp:attachment":[{"href":"http:\/\/ekoturka.com\/tr\/wp-json\/wp\/v2\/media?parent=12179"}],"wp:term":[{"taxonomy":"product_cat","embeddable":true,"href":"http:\/\/ekoturka.com\/tr\/wp-json\/wp\/v2\/product_cat?post=12179"},{"taxonomy":"product_tag","embeddable":true,"href":"http:\/\/ekoturka.com\/tr\/wp-json\/wp\/v2\/product_tag?post=12179"}],"curies":[{"name":"wp","href":"https:\/\/api.w.org\/{rel}","templated":true}]}}