{"id":13220,"date":"2022-07-21T09:18:24","date_gmt":"2022-07-21T09:18:24","guid":{"rendered":"https:\/\/ekoturka.com\/?page_id=13220"},"modified":"2022-07-21T09:20:25","modified_gmt":"2022-07-21T09:20:25","slug":"contact-us-5","status":"publish","type":"page","link":"https:\/\/ekoturka.com\/en\/contact-us-5\/","title":{"rendered":"Contact Us"},"content":{"rendered":"\t\t<div data-elementor-type=\"wp-page\" data-elementor-id=\"13220\" class=\"elementor elementor-13220\">\n\t\t\t\t\t\t\t\t\t<section class=\"wd-negative-gap elementor-section elementor-top-section elementor-element elementor-element-4968982 elementor-section-boxed elementor-section-height-default elementor-section-height-default wd-section-disabled\" data-id=\"4968982\" data-element_type=\"section\">\n\t\t\t\t\t\t<div class=\"elementor-container elementor-column-gap-default\">\n\t\t\t\t\t<div class=\"elementor-column elementor-col-100 elementor-top-column elementor-element elementor-element-99c641f\" data-id=\"99c641f\" data-element_type=\"column\">\n\t\t\t<div class=\"elementor-widget-wrap elementor-element-populated\">\n\t\t\t\t\t\t\t\t<div class=\"elementor-element elementor-element-c5f3056 color-scheme-inherit text-left elementor-widget elementor-widget-text-editor\" data-id=\"c5f3056\" data-element_type=\"widget\" data-widget_type=\"text-editor.default\">\n\t\t\t\t<div class=\"elementor-widget-container\">\n\t\t\t<style>\/*! elementor - v3.14.0 - 26-06-2023 *\/\n.elementor-widget-text-editor.elementor-drop-cap-view-stacked .elementor-drop-cap{background-color:#69727d;color:#fff}.elementor-widget-text-editor.elementor-drop-cap-view-framed .elementor-drop-cap{color:#69727d;border:3px solid;background-color:transparent}.elementor-widget-text-editor:not(.elementor-drop-cap-view-default) .elementor-drop-cap{margin-top:8px}.elementor-widget-text-editor:not(.elementor-drop-cap-view-default) .elementor-drop-cap-letter{width:1em;height:1em}.elementor-widget-text-editor .elementor-drop-cap{float:left;text-align:center;line-height:1;font-size:50px}.elementor-widget-text-editor .elementor-drop-cap-letter{display:inline-block}<\/style>\t\t\t\t<h1 style=\"text-align: center;\"><strong>K\u0130\u015e\u0130SEL VER\u0130LER\u0130N <\/strong><strong>KORUNMASI VE \u0130\u015eLENMES\u0130 <\/strong><strong>POL\u0130T\u0130KASI<\/strong><\/h1><p style=\"text-align: center;\"><strong>\u015eirket KVKK Politikas\u0131-Genel H\u00fck\u00fcmleri<\/strong><\/p><p style=\"text-align: center;\">6698 say\u0131l\u0131 Ki\u015fisel Verilerin Korunmas\u0131 Kanunu (\u201cKVKK\u201d), ki\u015fisel verilerin korunmas\u0131 ve hukuka<br \/>uygun i\u015flenmesi ile ilgili \u00f6nemli d\u00fczenlemeler getirmektedir. Ki\u015fisel verilerin korunmas\u0131<br \/>EKOT\u00dcRK Is\u0131tma So\u011futma M\u00fchendislik Arge \u0130n\u015faat Sanayi Ticaret Limited \u015eirketi (EKOT\u00dcRK) i\u00e7in<br \/>en \u00f6nemli \u00f6ncelikleri aras\u0131ndad\u0131r.<\/p><p style=\"text-align: center;\"><br \/>\u00d6zellikle ki\u015filerin \u00f6zel hayat\u0131na ve bilgilerine eri\u015fim hususunda azami ihtimam g\u00f6stermek, bu<br \/>konuda etkili ve cayd\u0131r\u0131c\u0131 \u00f6nlemler almak; m\u00fc\u015fterilerimize, potansiyel m\u00fc\u015fterilerimize,<br \/>ziyaret\u00e7ilerimize, \u015firket yetkililerimize, i\u015f birli\u011fi i\u00e7inde oldu\u011fumuz taraf ve kurumlar\u0131n tamam\u0131na<br \/>\u00f6zet olarak; \u015firketimizle do\u011frudan veya dolayl\u0131 olarak ba\u011flant\u0131l\u0131 olan ve verilerini i\u015fledi\u011fimiz her<br \/>bir ki\u015fiye kar\u015f\u0131 \u015feffaf olmak, kurumsal y\u00f6netim ilkelerine uygun olarak i\u015flem yapmak \u015firket veri<br \/>politikam\u0131z\u0131n temelini olu\u015fturmaktad\u0131r.<\/p><p style=\"text-align: center;\"><br \/>EKOT\u00dcRK, ki\u015fisel verilerin hukuka ayk\u0131r\u0131 olarak i\u015flenmesini, verilere hukuka ayk\u0131r\u0131 olarak<br \/>eri\u015filmesini \u00f6nlemeye ve verilerin korunmas\u0131n\u0131 sa\u011flamaya y\u00f6nelik fark\u0131ndal\u0131\u011f\u0131n art\u0131r\u0131lmas\u0131 i\u00e7in i\u015f<br \/>birimlerine gerekli bilgilendirmeleri yapmaktad\u0131r ve bu politika arac\u0131l\u0131\u011f\u0131 ile uygulanmas\u0131n\u0131<br \/>sa\u011flamaktad\u0131r.<\/p><p style=\"text-align: center;\"><br \/>\u015eirketimiz, ilgili t\u00fcm mevzuatta belirlenen s\u00fcrelere uygun olarak, veri envanterinde ki\u015fisel verileri saklamaktad\u0131r.<br \/>Ki\u015fisel Verilere Eri\u015fim Hakk\u0131 \u0130lgili ki\u015filerin bir \u00fccrete tabi olmadan ki\u015fisel verilerine eri\u015fim hakk\u0131<br \/>bulunmaktad\u0131r. \u015eirketin menfaati ve veriyi tutmas\u0131nda me\u015fru hakk\u0131 Ki\u015fisel Verileri Koruma<br \/>Kanunu ve ilgili mevzuat kapsam\u0131nda korunur; de\u011fi\u015ftirme ve silme hakk\u0131 g\u00f6zetilir. Dolay\u0131s\u0131yla<br \/>\u015eirketimiz ilgili ki\u015fiye; (I) Ki\u015fisel verilerinin i\u015flenip i\u015flenmedi\u011fini \u00f6\u011frenme (II) Ki\u015fisel verileri<br \/>i\u015flenmi\u015fse buna ili\u015fkin bilgi talep etme (III) Ki\u015fisel verilerinin i\u015flenme amac\u0131n\u0131 ve bunlar\u0131n<br \/>amac\u0131na uygun kullan\u0131l\u0131p kullan\u0131lmad\u0131\u011f\u0131n\u0131 \u00f6\u011frenme (IV) Yurt i\u00e7inde veya yurt d\u0131\u015f\u0131nda ki\u015fisel<br \/>verilerinin aktar\u0131ld\u0131\u011f\u0131 \u00fc\u00e7\u00fcnc\u00fc ki\u015fileri bilme iste\u011finde bulunma hakk\u0131 oldu\u011fu bilgisini vermektedir.<\/p><p style=\"text-align: center;\"><br \/><strong>\u00d6nemli Hat\u0131rlatma<\/strong><br \/>Ki\u015fisel Verileri Koruma Kanunu uyar\u0131nca ki\u015fisel verilerin do\u011fru ve gerekti\u011finde g\u00fcncel olmas\u0131n\u0131<br \/>sa\u011flama y\u00fck\u00fcml\u00fcl\u00fc\u011f\u00fc bulunmaktad\u0131r, bu sebeple ki\u015fisel verilerin do\u011fru ve g\u00fcncel tutulmas\u0131<br \/>a\u00e7\u0131s\u0131ndan ilgili taraf\u0131ndan \u015firketimize mevcut durum de\u011fi\u015fikliklerinin bildirilmesi gerekir. Veri<br \/>de\u011fi\u015fikli\u011fi ilgili ki\u015fi taraf\u0131ndan yaz\u0131l\u0131 olarak \u015firketimize bildirilmedi\u011fi taktirde verinin<br \/>g\u00fcncellenmemesi nedeniyle ortaya \u00e7\u0131kan ya da \u00e7\u0131kabilecek herhangi bir zarar ve yapt\u0131r\u0131mdan<br \/>EKOT\u00dcRK hi\u00e7bir \u015fekilde sorumlu de\u011fildir.<\/p><p style=\"text-align: center;\"><br \/><strong>Kamera Kay\u0131tlar\u0131<\/strong><br \/>\u015eirket taraf\u0131ndan g\u00fcvenli\u011fin sa\u011flanmas\u0131 amac\u0131yla, EKOT\u00dcRK\u2019\u00fcn fabrikas\u0131nda ve tesislerinde<br \/>g\u00fcvenlik kameras\u0131yla izleme faaliyeti ile misafir giri\u015f \u00e7\u0131k\u0131\u015flar\u0131n\u0131n takibine y\u00f6nelik ki\u015fisel veri<br \/>i\u015fleme faaliyetinde bulunulmaktad\u0131r. G\u00fcvenlik kameralar\u0131 kullan\u0131lmas\u0131 ve misafir giri\u015f \u00e7\u0131k\u0131\u015flar\u0131n\u0131n<br \/>kay\u0131t alt\u0131na al\u0131nmas\u0131 yoluyla \u015eirket taraf\u0131ndan ki\u015fisel veri i\u015fleme faaliyeti y\u00fcr\u00fct\u00fclm\u00fc\u015f olmaktad\u0131r.<br \/>\u015eirket taraf\u0131ndan y\u00fcr\u00fct\u00fclen kamera ile izleme faaliyeti, \u00d6zel G\u00fcvenlik Hizmetlerine Dair Kanun ve<br \/>ilgili mevzuata uygun olarak s\u00fcrd\u00fcr\u00fclmektedir.<\/p><p style=\"text-align: center;\"><br \/><strong>Internet Sitesi<\/strong><br \/>\u015eirketin yapm\u0131\u015f oldu\u011fu bu faaliyetlere ili\u015fkin ki\u015fisel verilerin korunmas\u0131 ve i\u015flenmesine ili\u015fkin<br \/>detayl\u0131 a\u00e7\u0131klamalar, ilgili internet sitesinde \u201c\u015eirketin \u0130nternet Sitesi Gizlilik Politikas\u0131\u201d metinleri<br \/>i\u00e7erisinde yer almaktad\u0131r.<\/p><p style=\"text-align: center;\"><br \/><strong>Dayanak Mevzuat<\/strong><br \/>1. 7 Nisan 2016 tarihli ve 29677 say\u0131l\u0131 Resmi Gazete\u2019de yay\u0131mlanan 24 Mart 2016 tarihli ve<br \/>6698 say\u0131l\u0131 Ki\u015fisel Verilerin Korunmas\u0131 Kanunu<br \/>2. 12 Ekim 2004 tarihli ve 25611 say\u0131l\u0131 Resmi Gazete\u2019de yay\u0131mlanan, 26 Eyl\u00fcl 2004 tarihli ve<br \/>5237 say\u0131l\u0131 T\u00fcrk Ceza Kanunu<br \/>3. 28 Ekim 2017 Cumartesi Resmi Gazete\u2019de yay\u0131mlanan 30224 say\u0131l\u0131 Ki\u015fisel Verilerin<br \/>Silinmesi, Yok Edilmesi veya Anonim Hale Getirilmesi Hakk\u0131nda Y\u00f6netmelik<br \/>Y\u00fcr\u00fcrl\u00fck<br \/>Bu politika yasal d\u00fczenlemeler ile uyumlu olarak e\u015f zamanl\u0131 olarak y\u00fcr\u00fcl\u00fckte kalmaktad\u0131r ve<br \/>g\u00fcncelleme gerekti\u011finde kanunun ilgili h\u00fck\u00fcmleri ile y\u00f6netmelikleri esas al\u0131nmaktad\u0131r.<\/p>\t\t\t\t\t\t<\/div>\n\t\t\t\t<\/div>\n\t\t\t\t\t<\/div>\n\t\t<\/div>\n\t\t\t\t\t\t\t<\/div>\n\t\t<\/section>\n\t\t\t\t\t\t\t<\/div>\n\t\t","protected":false},"excerpt":{"rendered":"<p>K\u0130\u015e\u0130SEL VER\u0130LER\u0130N KORUNMASI VE \u0130\u015eLENMES\u0130 POL\u0130T\u0130KASI \u015eirket KVKK Politikas\u0131-Genel H\u00fck\u00fcmleri 6698 say\u0131l\u0131 Ki\u015fisel Verilerin Korunmas\u0131 Kanunu (\u201cKVKK\u201d), ki\u015fisel verilerin korunmas\u0131<\/p>\n","protected":false},"author":7,"featured_media":0,"parent":0,"menu_order":0,"comment_status":"closed","ping_status":"closed","template":"","meta":{"footnotes":""},"class_list":["post-13220","page","type-page","status-publish","hentry"],"yoast_head":"<!-- This site is optimized with the Yoast SEO Premium plugin v20.10 (Yoast SEO v20.10) - https:\/\/yoast.com\/wordpress\/plugins\/seo\/ -->\n<title>Contact Us | Ecocycle<\/title>\n<meta name=\"robots\" content=\"index, follow, max-snippet:-1, max-image-preview:large, max-video-preview:-1\" \/>\n<link rel=\"canonical\" href=\"https:\/\/ekoturka.com\/en\/contact-us-5\/\" \/>\n<meta property=\"og:locale\" content=\"en_US\" \/>\n<meta property=\"og:type\" content=\"article\" \/>\n<meta property=\"og:title\" content=\"Contact Us\" \/>\n<meta property=\"og:description\" content=\"K\u0130\u015e\u0130SEL VER\u0130LER\u0130N KORUNMASI VE \u0130\u015eLENMES\u0130 POL\u0130T\u0130KASI \u015eirket KVKK Politikas\u0131-Genel H\u00fck\u00fcmleri 6698 say\u0131l\u0131 Ki\u015fisel Verilerin Korunmas\u0131 Kanunu (\u201cKVKK\u201d), ki\u015fisel verilerin korunmas\u0131\" \/>\n<meta property=\"og:url\" content=\"https:\/\/ekoturka.com\/en\/contact-us-5\/\" \/>\n<meta property=\"og:site_name\" content=\"Ecocycle\" \/>\n<meta property=\"article:modified_time\" content=\"2022-07-21T09:20:25+00:00\" \/>\n<meta name=\"twitter:card\" content=\"summary_large_image\" \/>\n<meta name=\"twitter:label1\" content=\"Est. reading time\" \/>\n\t<meta name=\"twitter:data1\" content=\"3 minutes\" \/>\n<script type=\"application\/ld+json\" class=\"yoast-schema-graph\">{\"@context\":\"https:\/\/schema.org\",\"@graph\":[{\"@type\":\"WebPage\",\"@id\":\"https:\/\/ekoturka.com\/en\/contact-us-5\/\",\"url\":\"https:\/\/ekoturka.com\/en\/contact-us-5\/\",\"name\":\"Contact Us | Ecocycle\",\"isPartOf\":{\"@id\":\"http:\/\/ekoturka.com\/en\/#website\"},\"datePublished\":\"2022-07-21T09:18:24+00:00\",\"dateModified\":\"2022-07-21T09:20:25+00:00\",\"breadcrumb\":{\"@id\":\"https:\/\/ekoturka.com\/en\/contact-us-5\/#breadcrumb\"},\"inLanguage\":\"en-US\",\"potentialAction\":[{\"@type\":\"ReadAction\",\"target\":[\"https:\/\/ekoturka.com\/en\/contact-us-5\/\"]}]},{\"@type\":\"BreadcrumbList\",\"@id\":\"https:\/\/ekoturka.com\/en\/contact-us-5\/#breadcrumb\",\"itemListElement\":[{\"@type\":\"ListItem\",\"position\":1,\"name\":\"Home\",\"item\":\"http:\/\/ekoturka.com\/en\/\"},{\"@type\":\"ListItem\",\"position\":2,\"name\":\"Contact Us\"}]},{\"@type\":\"WebSite\",\"@id\":\"http:\/\/ekoturka.com\/en\/#website\",\"url\":\"http:\/\/ekoturka.com\/en\/\",\"name\":\"Ecocycle\",\"description\":\"Heat Pump\",\"publisher\":{\"@id\":\"http:\/\/ekoturka.com\/en\/#organization\"},\"potentialAction\":[{\"@type\":\"SearchAction\",\"target\":{\"@type\":\"EntryPoint\",\"urlTemplate\":\"http:\/\/ekoturka.com\/en\/?s={search_term_string}\"},\"query-input\":\"required name=search_term_string\"}],\"inLanguage\":\"en-US\"},{\"@type\":\"Organization\",\"@id\":\"http:\/\/ekoturka.com\/en\/#organization\",\"name\":\"Ecocycle Heat Pumps\",\"url\":\"http:\/\/ekoturka.com\/en\/\",\"logo\":{\"@type\":\"ImageObject\",\"inLanguage\":\"en-US\",\"@id\":\"http:\/\/ekoturka.com\/en\/#\/schema\/logo\/image\/\",\"url\":\"https:\/\/ekoturka.com\/wp-content\/uploads\/2021\/11\/logo-ecocycle-heat-pumps-min.jpg\",\"contentUrl\":\"https:\/\/ekoturka.com\/wp-content\/uploads\/2021\/11\/logo-ecocycle-heat-pumps-min.jpg\",\"width\":534,\"height\":150,\"caption\":\"Ecocycle Heat Pumps\"},\"image\":{\"@id\":\"http:\/\/ekoturka.com\/en\/#\/schema\/logo\/image\/\"}}]}<\/script>\n<!-- \/ Yoast SEO Premium plugin. -->","yoast_head_json":{"title":"Contact Us | Ecocycle","robots":{"index":"index","follow":"follow","max-snippet":"max-snippet:-1","max-image-preview":"max-image-preview:large","max-video-preview":"max-video-preview:-1"},"canonical":"https:\/\/ekoturka.com\/en\/contact-us-5\/","og_locale":"en_US","og_type":"article","og_title":"Contact Us","og_description":"K\u0130\u015e\u0130SEL VER\u0130LER\u0130N KORUNMASI VE \u0130\u015eLENMES\u0130 POL\u0130T\u0130KASI \u015eirket KVKK Politikas\u0131-Genel H\u00fck\u00fcmleri 6698 say\u0131l\u0131 Ki\u015fisel Verilerin Korunmas\u0131 Kanunu (\u201cKVKK\u201d), ki\u015fisel verilerin korunmas\u0131","og_url":"https:\/\/ekoturka.com\/en\/contact-us-5\/","og_site_name":"Ecocycle","article_modified_time":"2022-07-21T09:20:25+00:00","twitter_card":"summary_large_image","twitter_misc":{"Est. reading time":"3 minutes"},"schema":{"@context":"https:\/\/schema.org","@graph":[{"@type":"WebPage","@id":"https:\/\/ekoturka.com\/en\/contact-us-5\/","url":"https:\/\/ekoturka.com\/en\/contact-us-5\/","name":"Contact Us | Ecocycle","isPartOf":{"@id":"http:\/\/ekoturka.com\/en\/#website"},"datePublished":"2022-07-21T09:18:24+00:00","dateModified":"2022-07-21T09:20:25+00:00","breadcrumb":{"@id":"https:\/\/ekoturka.com\/en\/contact-us-5\/#breadcrumb"},"inLanguage":"en-US","potentialAction":[{"@type":"ReadAction","target":["https:\/\/ekoturka.com\/en\/contact-us-5\/"]}]},{"@type":"BreadcrumbList","@id":"https:\/\/ekoturka.com\/en\/contact-us-5\/#breadcrumb","itemListElement":[{"@type":"ListItem","position":1,"name":"Home","item":"http:\/\/ekoturka.com\/en\/"},{"@type":"ListItem","position":2,"name":"Contact Us"}]},{"@type":"WebSite","@id":"http:\/\/ekoturka.com\/en\/#website","url":"http:\/\/ekoturka.com\/en\/","name":"Ecocycle","description":"Heat Pump","publisher":{"@id":"http:\/\/ekoturka.com\/en\/#organization"},"potentialAction":[{"@type":"SearchAction","target":{"@type":"EntryPoint","urlTemplate":"http:\/\/ekoturka.com\/en\/?s={search_term_string}"},"query-input":"required name=search_term_string"}],"inLanguage":"en-US"},{"@type":"Organization","@id":"http:\/\/ekoturka.com\/en\/#organization","name":"Ecocycle Heat Pumps","url":"http:\/\/ekoturka.com\/en\/","logo":{"@type":"ImageObject","inLanguage":"en-US","@id":"http:\/\/ekoturka.com\/en\/#\/schema\/logo\/image\/","url":"https:\/\/ekoturka.com\/wp-content\/uploads\/2021\/11\/logo-ecocycle-heat-pumps-min.jpg","contentUrl":"https:\/\/ekoturka.com\/wp-content\/uploads\/2021\/11\/logo-ecocycle-heat-pumps-min.jpg","width":534,"height":150,"caption":"Ecocycle Heat Pumps"},"image":{"@id":"http:\/\/ekoturka.com\/en\/#\/schema\/logo\/image\/"}}]}},"_links":{"self":[{"href":"https:\/\/ekoturka.com\/en\/wp-json\/wp\/v2\/pages\/13220","targetHints":{"allow":["GET"]}}],"collection":[{"href":"https:\/\/ekoturka.com\/en\/wp-json\/wp\/v2\/pages"}],"about":[{"href":"https:\/\/ekoturka.com\/en\/wp-json\/wp\/v2\/types\/page"}],"author":[{"embeddable":true,"href":"https:\/\/ekoturka.com\/en\/wp-json\/wp\/v2\/users\/7"}],"replies":[{"embeddable":true,"href":"https:\/\/ekoturka.com\/en\/wp-json\/wp\/v2\/comments?post=13220"}],"version-history":[{"count":3,"href":"https:\/\/ekoturka.com\/en\/wp-json\/wp\/v2\/pages\/13220\/revisions"}],"predecessor-version":[{"id":13223,"href":"https:\/\/ekoturka.com\/en\/wp-json\/wp\/v2\/pages\/13220\/revisions\/13223"}],"wp:attachment":[{"href":"https:\/\/ekoturka.com\/en\/wp-json\/wp\/v2\/media?parent=13220"}],"curies":[{"name":"wp","href":"https:\/\/api.w.org\/{rel}","templated":true}]}}