{"id":10022,"date":"2021-03-18T12:42:03","date_gmt":"2021-03-18T12:42:03","guid":{"rendered":"http:\/\/dummy.xtemos.com\/woodmart-elementor\/demos\/?page_id=10022"},"modified":"2021-11-08T08:11:55","modified_gmt":"2021-11-08T08:11:55","slug":"corporate","status":"publish","type":"page","link":"https:\/\/ekoturka.com\/tr\/corporate\/","title":{"rendered":"Kurumsal"},"content":{"rendered":"<div data-elementor-type=\"wp-page\" data-elementor-id=\"10022\" class=\"elementor elementor-10022\">\n\t\t\t\t\t\t\t\t\t<section class=\"wd-negative-gap elementor-section elementor-top-section elementor-element elementor-element-a0801b9 wd-section-stretch elementor-section-boxed elementor-section-height-default elementor-section-height-default\" data-id=\"a0801b9\" data-element_type=\"section\" data-settings=\"{&quot;background_background&quot;:&quot;classic&quot;}\">\n\t\t\t\t\t\t<div class=\"elementor-container elementor-column-gap-default\">\n\t\t\t\t\t<div class=\"elementor-column elementor-col-33 elementor-top-column elementor-element elementor-element-ad640a1\" data-id=\"ad640a1\" data-element_type=\"column\">\n\t\t\t<div class=\"elementor-widget-wrap\">\n\t\t\t\t\t\t\t\t\t<\/div>\n\t\t<\/div>\n\t\t\t\t<div class=\"elementor-column elementor-col-33 elementor-top-column elementor-element elementor-element-9b77071\" data-id=\"9b77071\" data-element_type=\"column\">\n\t\t\t<div class=\"elementor-widget-wrap elementor-element-populated\">\n\t\t\t\t\t\t\t\t<div class=\"elementor-element elementor-element-cd75956 elementor-widget__width-auto elementor-widget elementor-widget-image\" data-id=\"cd75956\" data-element_type=\"widget\" data-widget_type=\"image.default\">\n\t\t\t\t<div class=\"elementor-widget-container\">\n\t\t\t<style>\/*! elementor - v3.14.0 - 26-06-2023 *\/\n.elementor-widget-image{text-align:center}.elementor-widget-image a{display:inline-block}.elementor-widget-image a img[src$=\".svg\"]{width:48px}.elementor-widget-image img{vertical-align:middle;display:inline-block}<\/style>\t\t\t\t\t\t\t\t\t\t\t\t<img loading=\"lazy\" decoding=\"async\" width=\"450\" height=\"135\" src=\"https:\/\/ekoturka.com\/wp-content\/uploads\/2021\/10\/logo-white.png\" class=\"attachment-full size-full wp-image-12426\" alt=\"\" srcset=\"https:\/\/ekoturka.com\/wp-content\/uploads\/2021\/10\/logo-white.png 717w, https:\/\/ekoturka.com\/wp-content\/uploads\/2021\/10\/logo-white-150x42.png 150w, https:\/\/ekoturka.com\/wp-content\/uploads\/2021\/10\/logo-white-300x84.png 300w\" sizes=\"auto, (max-width: 450px) 100vw, 450px\" \/>\t\t\t\t\t\t\t\t\t\t\t\t\t\t\t<\/div>\n\t\t\t\t<\/div>\n\t\t\t\t<div class=\"elementor-element elementor-element-c6e9099 elementor-widget elementor-widget-wd_title\" data-id=\"c6e9099\" data-element_type=\"widget\" data-widget_type=\"wd_title.default\">\n\t\t\t\t<div class=\"elementor-widget-container\">\n\t\t\t\t\t<div class=\"title-wrapper set-mb-s reset-last-child wd-title-color-default wd-title-style-default wd-title-size-large text-center\">\n\n\t\t\t\n\t\t\t<div class=\"liner-continer\">\n\t\t\t\t<h4 class=\"woodmart-title-container title wd-fontsize-xxl\">''Hava ve Su Kadar Gerekli'' <\/h4> \n\t\t\t\t\t\t\t<\/div>\n\n\t\t\t\t\t<\/div>\n\t\t\t\t<\/div>\n\t\t\t\t<\/div>\n\t\t\t\t\t<\/div>\n\t\t<\/div>\n\t\t\t\t<div class=\"elementor-column elementor-col-33 elementor-top-column elementor-element elementor-element-95c1572\" data-id=\"95c1572\" data-element_type=\"column\">\n\t\t\t<div class=\"elementor-widget-wrap\">\n\t\t\t\t\t\t\t\t\t<\/div>\n\t\t<\/div>\n\t\t\t\t\t\t\t<\/div>\n\t\t<\/section>\n\t\t\t\t<section class=\"wd-negative-gap elementor-section elementor-top-section elementor-element elementor-element-afb6a93 elementor-reverse-mobile elementor-section-boxed elementor-section-height-default elementor-section-height-default wd-section-disabled\" data-id=\"afb6a93\" data-element_type=\"section\">\n\t\t\t\t\t\t<div class=\"elementor-container elementor-column-gap-default\">\n\t\t\t\t\t<div class=\"elementor-column elementor-col-50 elementor-top-column elementor-element elementor-element-cdc4d00\" data-id=\"cdc4d00\" data-element_type=\"column\">\n\t\t\t<div class=\"elementor-widget-wrap elementor-element-populated\">\n\t\t\t\t\t\t\t\t<div class=\"elementor-element elementor-element-342911f elementor-widget elementor-widget-image\" data-id=\"342911f\" data-element_type=\"widget\" data-widget_type=\"image.default\">\n\t\t\t\t<div class=\"elementor-widget-container\">\n\t\t\t\t\t\t\t\t\t\t\t\t\t\t\t<img loading=\"lazy\" decoding=\"async\" width=\"600\" height=\"600\" src=\"https:\/\/ekoturka.com\/wp-content\/uploads\/2017\/06\/energysave.jpg\" class=\"attachment-large size-large wp-image-11947\" alt=\"\" srcset=\"https:\/\/ekoturka.com\/wp-content\/uploads\/2017\/06\/energysave.jpg 600w, https:\/\/ekoturka.com\/wp-content\/uploads\/2017\/06\/energysave-150x150.jpg 150w, https:\/\/ekoturka.com\/wp-content\/uploads\/2017\/06\/energysave-300x300.jpg 300w\" sizes=\"auto, (max-width: 600px) 100vw, 600px\" \/>\t\t\t\t\t\t\t\t\t\t\t\t\t\t\t<\/div>\n\t\t\t\t<\/div>\n\t\t\t\t\t<\/div>\n\t\t<\/div>\n\t\t\t\t<div class=\"elementor-column elementor-col-50 elementor-top-column elementor-element elementor-element-2e418d8\" data-id=\"2e418d8\" data-element_type=\"column\">\n\t\t\t<div class=\"elementor-widget-wrap elementor-element-populated\">\n\t\t\t\t\t\t\t\t<div class=\"elementor-element elementor-element-91bbd7b elementor-widget elementor-widget-wd_title\" data-id=\"91bbd7b\" data-element_type=\"widget\" data-widget_type=\"wd_title.default\">\n\t\t\t\t<div class=\"elementor-widget-container\">\n\t\t\t\t\t<div class=\"title-wrapper set-mb-s reset-last-child wd-title-color-default wd-title-style-default wd-title-size-large text-left\">\n\n\t\t\t\n\t\t\t<div class=\"liner-continer\">\n\t\t\t\t<h4 class=\"woodmart-title-container title wd-fontsize-xxl\">A++ Enerji Sertifikas\u0131<\/h4> \n\t\t\t\t\t\t\t<\/div>\n\n\t\t\t\t\t\t\t<div class=\"title-after_title set-cont-mb-s reset-last-child wd-fontsize-s\">\n\t\t\t\t\t<p>\u00a0<\/p><p>Ecocycle firmas\u0131 olarak be\u015f y\u0131ll\u0131k Ar-Ge \u00e7al\u0131\u015fmas\u0131n\u0131n \u00fcr\u00fcn\u00fc Ecocycle Is\u0131 Pompalar\u0131 ile 2015 y\u0131l\u0131ndan bu yana binlerce m\u00fc\u015fterimize ekonomik \u00e7\u00f6z\u00fcmler sa\u011flad\u0131k. Yo\u011fun Ar-Ge \u00e7al\u0131\u015fmalar\u0131 sonucunda \u00fcretti\u011fimiz Ecocycle Is\u0131 Pompalar\u0131 ile, Avrupa enerji laboratuvarlar\u0131nda yap\u0131lan testlerden ba\u015far\u0131yla ge\u00e7erek A++ enerji sertifikalar\u0131n\u0131 almaya hak kazand\u0131k.<\/p>\t\t\t\t<\/div>\n\t\t\t\t\t<\/div>\n\t\t\t\t<\/div>\n\t\t\t\t<\/div>\n\t\t\t\t\t<\/div>\n\t\t<\/div>\n\t\t\t\t\t\t\t<\/div>\n\t\t<\/section>\n\t\t\t\t<section class=\"wd-negative-gap elementor-section elementor-top-section elementor-element elementor-element-15db295 wd-section-stretch elementor-section-boxed elementor-section-height-default elementor-section-height-default\" data-id=\"15db295\" data-element_type=\"section\" data-settings=\"{&quot;background_background&quot;:&quot;classic&quot;}\">\n\t\t\t\t\t\t<div class=\"elementor-container elementor-column-gap-default\">\n\t\t\t\t\t<div class=\"elementor-column elementor-col-50 elementor-top-column elementor-element elementor-element-dc40423\" data-id=\"dc40423\" data-element_type=\"column\">\n\t\t\t<div class=\"elementor-widget-wrap elementor-element-populated\">\n\t\t\t\t\t\t\t\t<div class=\"elementor-element elementor-element-bba2c13 elementor-widget elementor-widget-wd_title\" data-id=\"bba2c13\" data-element_type=\"widget\" data-widget_type=\"wd_title.default\">\n\t\t\t\t<div class=\"elementor-widget-container\">\n\t\t\t\t\t<div class=\"title-wrapper set-mb-s reset-last-child wd-title-color-default wd-title-style-default wd-title-size-large text-left\">\n\n\t\t\t\n\t\t\t<div class=\"liner-continer\">\n\t\t\t\t<h4 class=\"woodmart-title-container title wd-fontsize-xxl translation-block\">Geni\u015f Servis A\u011f\u0131<\/h4> \n\t\t\t\t\t\t\t<\/div>\n\n\t\t\t\t\t\t\t<div class=\"title-after_title set-cont-mb-s reset-last-child wd-fontsize-s\">\n\t\t\t\t\t<p>\u00a0<\/p><p>Ecocycle Is\u0131 Pompalar\u0131n\u0131n enerji testlerinden ba\u015far\u0131yla ge\u00e7mesi, ba\u015fta Avrupa olmak \u00fczere d\u00fcnyaya ihracat\u0131n \u00f6n\u00fcn\u00fc a\u00e7m\u0131\u015ft\u0131r. Di\u011fer yandan Hollanda, S\u0131rbistan ve Romanya distrib\u00fct\u00f6rl\u00fcklerimizle i\u015f birli\u011fi yaparak yurtd\u0131\u015f\u0131ndaki faaliyetlerimizi y\u00fcr\u00fctmekteyiz.<\/p>\t\t\t\t<\/div>\n\t\t\t\t\t<\/div>\n\t\t\t\t<\/div>\n\t\t\t\t<\/div>\n\t\t\t\t\t<\/div>\n\t\t<\/div>\n\t\t\t\t<div class=\"elementor-column elementor-col-50 elementor-top-column elementor-element elementor-element-33eaed3\" data-id=\"33eaed3\" data-element_type=\"column\">\n\t\t\t<div class=\"elementor-widget-wrap elementor-element-populated\">\n\t\t\t\t\t\t\t\t<div class=\"elementor-element elementor-element-f980e26 elementor-widget elementor-widget-image\" data-id=\"f980e26\" data-element_type=\"widget\" data-widget_type=\"image.default\">\n\t\t\t\t<div class=\"elementor-widget-container\">\n\t\t\t\t\t\t\t\t\t\t\t\t\t\t\t<img loading=\"lazy\" decoding=\"async\" width=\"600\" height=\"600\" src=\"https:\/\/ekoturka.com\/wp-content\/uploads\/2021\/11\/ecocycle-min.png\" class=\"attachment-large size-large wp-image-12492\" alt=\"\" srcset=\"https:\/\/ekoturka.com\/wp-content\/uploads\/2021\/11\/ecocycle-min.png 600w, https:\/\/ekoturka.com\/wp-content\/uploads\/2021\/11\/ecocycle-min-150x150.png 150w, https:\/\/ekoturka.com\/wp-content\/uploads\/2021\/11\/ecocycle-min-450x450.png 450w, https:\/\/ekoturka.com\/wp-content\/uploads\/2021\/11\/ecocycle-min-300x300.png 300w\" sizes=\"auto, (max-width: 600px) 100vw, 600px\" \/>\t\t\t\t\t\t\t\t\t\t\t\t\t\t\t<\/div>\n\t\t\t\t<\/div>\n\t\t\t\t\t<\/div>\n\t\t<\/div>\n\t\t\t\t\t\t\t<\/div>\n\t\t<\/section>\n\t\t\t\t<section class=\"wd-negative-gap elementor-section elementor-top-section elementor-element elementor-element-b52dd6a elementor-section-boxed elementor-section-height-default elementor-section-height-default wd-section-disabled\" data-id=\"b52dd6a\" data-element_type=\"section\">\n\t\t\t\t\t\t<div class=\"elementor-container elementor-column-gap-default\">\n\t\t\t\t\t<div class=\"elementor-column elementor-col-50 elementor-top-column elementor-element elementor-element-138fdba\" data-id=\"138fdba\" data-element_type=\"column\">\n\t\t\t<div class=\"elementor-widget-wrap elementor-element-populated\">\n\t\t\t\t\t\t\t\t<div class=\"elementor-element elementor-element-73f84a1 elementor-widget elementor-widget-image\" data-id=\"73f84a1\" data-element_type=\"widget\" data-widget_type=\"image.default\">\n\t\t\t\t<div class=\"elementor-widget-container\">\n\t\t\t\t\t\t\t\t\t\t\t\t\t\t\t<img loading=\"lazy\" decoding=\"async\" width=\"1024\" height=\"684\" src=\"https:\/\/ekoturka.com\/wp-content\/uploads\/2021\/10\/2all-over-view-1024x684.jpg\" class=\"attachment-large size-large wp-image-11813\" alt=\"\" srcset=\"https:\/\/ekoturka.com\/wp-content\/uploads\/2021\/10\/2all-over-view-1024x684.jpg 1024w, https:\/\/ekoturka.com\/wp-content\/uploads\/2021\/10\/2all-over-view-150x100.jpg 150w, https:\/\/ekoturka.com\/wp-content\/uploads\/2021\/10\/2all-over-view-1200x801.jpg 1200w, https:\/\/ekoturka.com\/wp-content\/uploads\/2021\/10\/2all-over-view-300x200.jpg 300w, https:\/\/ekoturka.com\/wp-content\/uploads\/2021\/10\/2all-over-view-768x513.jpg 768w, https:\/\/ekoturka.com\/wp-content\/uploads\/2021\/10\/2all-over-view.jpg 1300w\" sizes=\"auto, (max-width: 1024px) 100vw, 1024px\" \/>\t\t\t\t\t\t\t\t\t\t\t\t\t\t\t<\/div>\n\t\t\t\t<\/div>\n\t\t\t\t\t<\/div>\n\t\t<\/div>\n\t\t\t\t<div class=\"elementor-column elementor-col-50 elementor-top-column elementor-element elementor-element-3164e1c\" data-id=\"3164e1c\" data-element_type=\"column\">\n\t\t\t<div class=\"elementor-widget-wrap elementor-element-populated\">\n\t\t\t\t\t\t\t\t<div class=\"elementor-element elementor-element-140c93c elementor-widget elementor-widget-wd_title\" data-id=\"140c93c\" data-element_type=\"widget\" data-widget_type=\"wd_title.default\">\n\t\t\t\t<div class=\"elementor-widget-container\">\n\t\t\t\t\t<div class=\"title-wrapper set-mb-s reset-last-child wd-title-color-default wd-title-style-default wd-title-size-large text-left\">\n\n\t\t\t\n\t\t\t<div class=\"liner-continer\">\n\t\t\t\t<h4 class=\"woodmart-title-container title wd-fontsize-xxl\">24 Farkl\u0131 \u00c7al\u0131\u015fma Modu<\/h4> \n\t\t\t\t\t\t\t<\/div>\n\n\t\t\t\t\t\t\t<div class=\"title-after_title set-cont-mb-s reset-last-child wd-fontsize-s\">\n\t\t\t\t\t<p>Ecocycle Is\u0131 Pompalar\u0131, su ve hava kaynakl\u0131, on\/off ve inverter tipi olmak \u00fczere 24 farkl\u0131 \u00e7al\u0131\u015fma se\u00e7ene\u011fi sunarken, t\u00fcm ba\u015far\u0131lar\u0131n\u0131n bir sonucu olarak Avrupa h\u00fck\u00fcmetlerinin destek listelerinde yer alm\u0131\u015ft\u0131r.<\/p>\t\t\t\t<\/div>\n\t\t\t\t\t<\/div>\n\t\t\t\t<\/div>\n\t\t\t\t<\/div>\n\t\t\t\t\t<\/div>\n\t\t<\/div>\n\t\t\t\t\t\t\t<\/div>\n\t\t<\/section>\n\t\t\t\t<section class=\"wd-negative-gap elementor-section elementor-top-section elementor-element elementor-element-627683f elementor-section-content-middle wd-section-stretch elementor-section-boxed elementor-section-height-default elementor-section-height-default\" data-id=\"627683f\" data-element_type=\"section\" data-settings=\"{&quot;background_background&quot;:&quot;classic&quot;}\">\n\t\t\t\t\t\t<div class=\"elementor-container elementor-column-gap-default\">\n\t\t\t\t\t<div class=\"elementor-column elementor-col-100 elementor-top-column elementor-element elementor-element-ca24dbb\" data-id=\"ca24dbb\" data-element_type=\"column\">\n\t\t\t<div class=\"elementor-widget-wrap elementor-element-populated\">\n\t\t\t\t\t\t\t\t<div class=\"elementor-element elementor-element-330c604 elementor-widget elementor-widget-wd_title\" data-id=\"330c604\" data-element_type=\"widget\" data-widget_type=\"wd_title.default\">\n\t\t\t\t<div class=\"elementor-widget-container\">\n\t\t\t\t\t<div class=\"title-wrapper set-mb-s reset-last-child wd-title-color-white wd-title-style-default wd-title-size-large text-center\">\n\n\t\t\t\n\t\t\t<div class=\"liner-continer\">\n\t\t\t\t<h4 class=\"woodmart-title-container title wd-fontsize-xxl\">''Hava ve Su Kadar Gerekli'' <\/h4> \n\t\t\t\t\t\t\t<\/div>\n\n\t\t\t\t\t<\/div>\n\t\t\t\t<\/div>\n\t\t\t\t<\/div>\n\t\t\t\t\t<\/div>\n\t\t<\/div>\n\t\t\t\t\t\t\t<\/div>\n\t\t<\/section>\n\t\t\t\t\t\t\t<\/div>","protected":false},"excerpt":{"rendered":"<p>&#8220;As Necessary as Water and Air&#8221; A++ Energy Certificates \u00a0As Ecocycle company, we have provided economic solutions to thousands of<\/p>","protected":false},"author":7,"featured_media":0,"parent":0,"menu_order":0,"comment_status":"closed","ping_status":"closed","template":"","meta":{"footnotes":""},"class_list":["post-10022","page","type-page","status-publish","hentry"],"yoast_head":"<!-- This site is optimized with the Yoast SEO Premium plugin v20.10 (Yoast SEO v20.10) - https:\/\/yoast.com\/wordpress\/plugins\/seo\/ -->\n<title>Corporate | Ecocycle<\/title>\n<meta name=\"robots\" content=\"index, follow, max-snippet:-1, max-image-preview:large, max-video-preview:-1\" \/>\n<link rel=\"canonical\" href=\"https:\/\/ekoturka.com\/tr\/corporate\/\" \/>\n<meta property=\"og:locale\" content=\"tr_TR\" \/>\n<meta property=\"og:type\" content=\"article\" \/>\n<meta property=\"og:title\" content=\"Corporate\" \/>\n<meta property=\"og:description\" content=\"&#8220;As Necessary as Water and Air&#8221; A++ Energy Certificates \u00a0As Ecocycle company, we have provided economic solutions to thousands of\" \/>\n<meta property=\"og:url\" content=\"https:\/\/ekoturka.com\/tr\/corporate\/\" \/>\n<meta property=\"og:site_name\" content=\"Ecocycle\" \/>\n<meta property=\"article:modified_time\" content=\"2021-11-08T08:11:55+00:00\" \/>\n<meta property=\"og:image\" content=\"https:\/\/ekoturka.com\/wp-content\/uploads\/2021\/11\/logo.png\" \/>\n<meta name=\"twitter:card\" content=\"summary_large_image\" \/>\n<meta name=\"twitter:label1\" content=\"Tahmini okuma s\u00fcresi\" \/>\n\t<meta name=\"twitter:data1\" content=\"1 dakika\" \/>\n<script type=\"application\/ld+json\" class=\"yoast-schema-graph\">{\"@context\":\"https:\/\/schema.org\",\"@graph\":[{\"@type\":\"WebPage\",\"@id\":\"http:\/\/ekoturka.com\/en\/corporate\/\",\"url\":\"http:\/\/ekoturka.com\/en\/corporate\/\",\"name\":\"Corporate | Ecocycle\",\"isPartOf\":{\"@id\":\"http:\/\/ekoturka.com\/en\/#website\"},\"datePublished\":\"2021-03-18T12:42:03+00:00\",\"dateModified\":\"2021-11-08T08:11:55+00:00\",\"breadcrumb\":{\"@id\":\"http:\/\/ekoturka.com\/en\/corporate\/#breadcrumb\"},\"inLanguage\":\"tr\",\"potentialAction\":[{\"@type\":\"ReadAction\",\"target\":[\"http:\/\/ekoturka.com\/en\/corporate\/\"]}]},{\"@type\":\"BreadcrumbList\",\"@id\":\"http:\/\/ekoturka.com\/en\/corporate\/#breadcrumb\",\"itemListElement\":[{\"@type\":\"ListItem\",\"position\":1,\"name\":\"Home\",\"item\":\"http:\/\/ekoturka.com\/en\/\"},{\"@type\":\"ListItem\",\"position\":2,\"name\":\"Corporate\"}]},{\"@type\":\"WebSite\",\"@id\":\"http:\/\/ekoturka.com\/en\/#website\",\"url\":\"http:\/\/ekoturka.com\/en\/\",\"name\":\"Ecocycle\",\"description\":\"Heat Pump\",\"publisher\":{\"@id\":\"http:\/\/ekoturka.com\/en\/#organization\"},\"potentialAction\":[{\"@type\":\"SearchAction\",\"target\":{\"@type\":\"EntryPoint\",\"urlTemplate\":\"http:\/\/ekoturka.com\/en\/?s={search_term_string}\"},\"query-input\":\"required name=search_term_string\"}],\"inLanguage\":\"tr\"},{\"@type\":\"Organization\",\"@id\":\"http:\/\/ekoturka.com\/en\/#organization\",\"name\":\"Ecocycle Heat Pumps\",\"url\":\"http:\/\/ekoturka.com\/en\/\",\"logo\":{\"@type\":\"ImageObject\",\"inLanguage\":\"tr\",\"@id\":\"http:\/\/ekoturka.com\/en\/#\/schema\/logo\/image\/\",\"url\":\"https:\/\/ekoturka.com\/wp-content\/uploads\/2021\/11\/logo-ecocycle-heat-pumps-min.jpg\",\"contentUrl\":\"https:\/\/ekoturka.com\/wp-content\/uploads\/2021\/11\/logo-ecocycle-heat-pumps-min.jpg\",\"width\":534,\"height\":150,\"caption\":\"Ecocycle Heat Pumps\"},\"image\":{\"@id\":\"http:\/\/ekoturka.com\/en\/#\/schema\/logo\/image\/\"}}]}<\/script>\n<!-- \/ Yoast SEO Premium plugin. -->","yoast_head_json":{"title":"Corporate | Ecocycle","robots":{"index":"index","follow":"follow","max-snippet":"max-snippet:-1","max-image-preview":"max-image-preview:large","max-video-preview":"max-video-preview:-1"},"canonical":"https:\/\/ekoturka.com\/tr\/corporate\/","og_locale":"tr_TR","og_type":"article","og_title":"Corporate","og_description":"&#8220;As Necessary as Water and Air&#8221; A++ Energy Certificates \u00a0As Ecocycle company, we have provided economic solutions to thousands of","og_url":"https:\/\/ekoturka.com\/tr\/corporate\/","og_site_name":"Ecocycle","article_modified_time":"2021-11-08T08:11:55+00:00","og_image":[{"url":"https:\/\/ekoturka.com\/wp-content\/uploads\/2021\/11\/logo.png"}],"twitter_card":"summary_large_image","twitter_misc":{"Tahmini okuma s\u00fcresi":"1 dakika"},"schema":{"@context":"https:\/\/schema.org","@graph":[{"@type":"WebPage","@id":"http:\/\/ekoturka.com\/en\/corporate\/","url":"http:\/\/ekoturka.com\/en\/corporate\/","name":"Corporate | Ecocycle","isPartOf":{"@id":"http:\/\/ekoturka.com\/en\/#website"},"datePublished":"2021-03-18T12:42:03+00:00","dateModified":"2021-11-08T08:11:55+00:00","breadcrumb":{"@id":"http:\/\/ekoturka.com\/en\/corporate\/#breadcrumb"},"inLanguage":"tr","potentialAction":[{"@type":"ReadAction","target":["http:\/\/ekoturka.com\/en\/corporate\/"]}]},{"@type":"BreadcrumbList","@id":"http:\/\/ekoturka.com\/en\/corporate\/#breadcrumb","itemListElement":[{"@type":"ListItem","position":1,"name":"Home","item":"http:\/\/ekoturka.com\/en\/"},{"@type":"ListItem","position":2,"name":"Corporate"}]},{"@type":"WebSite","@id":"http:\/\/ekoturka.com\/en\/#website","url":"http:\/\/ekoturka.com\/en\/","name":"Ecocycle","description":"Heat Pump","publisher":{"@id":"http:\/\/ekoturka.com\/en\/#organization"},"potentialAction":[{"@type":"SearchAction","target":{"@type":"EntryPoint","urlTemplate":"http:\/\/ekoturka.com\/en\/?s={search_term_string}"},"query-input":"required name=search_term_string"}],"inLanguage":"tr"},{"@type":"Organization","@id":"http:\/\/ekoturka.com\/en\/#organization","name":"Ecocycle Heat Pumps","url":"http:\/\/ekoturka.com\/en\/","logo":{"@type":"ImageObject","inLanguage":"tr","@id":"http:\/\/ekoturka.com\/en\/#\/schema\/logo\/image\/","url":"https:\/\/ekoturka.com\/wp-content\/uploads\/2021\/11\/logo-ecocycle-heat-pumps-min.jpg","contentUrl":"https:\/\/ekoturka.com\/wp-content\/uploads\/2021\/11\/logo-ecocycle-heat-pumps-min.jpg","width":534,"height":150,"caption":"Ecocycle Heat Pumps"},"image":{"@id":"http:\/\/ekoturka.com\/en\/#\/schema\/logo\/image\/"}}]}},"_links":{"self":[{"href":"https:\/\/ekoturka.com\/tr\/wp-json\/wp\/v2\/pages\/10022","targetHints":{"allow":["GET"]}}],"collection":[{"href":"https:\/\/ekoturka.com\/tr\/wp-json\/wp\/v2\/pages"}],"about":[{"href":"https:\/\/ekoturka.com\/tr\/wp-json\/wp\/v2\/types\/page"}],"author":[{"embeddable":true,"href":"https:\/\/ekoturka.com\/tr\/wp-json\/wp\/v2\/users\/7"}],"replies":[{"embeddable":true,"href":"https:\/\/ekoturka.com\/tr\/wp-json\/wp\/v2\/comments?post=10022"}],"version-history":[{"count":34,"href":"https:\/\/ekoturka.com\/tr\/wp-json\/wp\/v2\/pages\/10022\/revisions"}],"predecessor-version":[{"id":12803,"href":"https:\/\/ekoturka.com\/tr\/wp-json\/wp\/v2\/pages\/10022\/revisions\/12803"}],"wp:attachment":[{"href":"https:\/\/ekoturka.com\/tr\/wp-json\/wp\/v2\/media?parent=10022"}],"curies":[{"name":"wp","href":"https:\/\/api.w.org\/{rel}","templated":true}]}}