{"id":646,"date":"2017-06-26T14:07:05","date_gmt":"2017-06-26T14:07:05","guid":{"rendered":"http:\/\/dummy.xtemos.com\/woodmart-elementor\/demos\/?page_id=646"},"modified":"2025-09-23T08:53:15","modified_gmt":"2025-09-23T08:53:15","slug":"contact-us","status":"publish","type":"page","link":"https:\/\/ekoturka.com\/tr\/contact-us\/","title":{"rendered":"Bize Ula\u015f\u0131n"},"content":{"rendered":"<div data-elementor-type=\"wp-page\" data-elementor-id=\"646\" class=\"elementor elementor-646\">\n\t\t\t\t\t\t\t\t\t<section class=\"wd-negative-gap elementor-section elementor-top-section elementor-element elementor-element-8d49f98 elementor-section-boxed elementor-section-height-default elementor-section-height-default wd-section-disabled\" data-id=\"8d49f98\" data-element_type=\"section\">\n\t\t\t\t\t\t<div class=\"elementor-container elementor-column-gap-default\">\n\t\t\t\t\t<div class=\"elementor-column elementor-col-100 elementor-top-column elementor-element elementor-element-f75e3cb\" data-id=\"f75e3cb\" data-element_type=\"column\">\n\t\t\t<div class=\"elementor-widget-wrap elementor-element-populated\">\n\t\t\t\t\t\t\t\t<div class=\"elementor-element elementor-element-26ea16b elementor-widget elementor-widget-wp-widget-custom_html\" data-id=\"26ea16b\" data-element_type=\"widget\" data-widget_type=\"wp-widget-custom_html.default\">\n\t\t\t\t<div class=\"elementor-widget-container\">\n\t\t\t<div class=\"textwidget custom-html-widget\"><div id=\"mapplic-id12811\" data-mapdata=\"{&quot;mapwidth&quot;:&quot;1200&quot;,&quot;mapheight&quot;:&quot;760&quot;,&quot;action&quot;:&quot;tooltip&quot;,&quot;maxscale&quot;:&quot;4&quot;,&quot;fullscreen&quot;:false,&quot;hovertip&quot;:true,&quot;hovertipdesc&quot;:false,&quot;smartip&quot;:false,&quot;deeplinking&quot;:true,&quot;linknewtab&quot;:false,&quot;minimap&quot;:false,&quot;animations&quot;:false,&quot;zoom&quot;:true,&quot;zoombuttons&quot;:false,&quot;clearbutton&quot;:true,&quot;zoomoutclose&quot;:false,&quot;closezoomout&quot;:false,&quot;mousewheel&quot;:true,&quot;mapfill&quot;:false,&quot;sidebar&quot;:false,&quot;search&quot;:false,&quot;searchdescription&quot;:false,&quot;alphabetic&quot;:false,&quot;thumbholder&quot;:false,&quot;sidebartoggle&quot;:false,&quot;filtersopened&quot;:false,&quot;highlight&quot;:false,&quot;customcss&quot;:&quot;&quot;,&quot;levels&quot;:[{&quot;id&quot;:&quot;world&quot;,&quot;title&quot;:&quot;World&quot;,&quot;map&quot;:&quot;\\\/\\\/ekoturka.com\\\/wp-content\\\/plugins\\\/mapplic\\\/maps\\\/world.svg&quot;,&quot;minimap&quot;:&quot;&quot;}],&quot;styles&quot;:[{&quot;base&quot;:{&quot;fill&quot;:&quot;#5688c7&quot;},&quot;hover&quot;:{&quot;fill&quot;:&quot;#87b38d&quot;},&quot;active&quot;:{&quot;fill&quot;:&quot;#f24c00&quot;},&quot;class&quot;:&quot;Dist&quot;}],&quot;categories&quot;:[],&quot;locations&quot;:[{&quot;title&quot;:&quot;Turkey&quot;,&quot;id&quot;:&quot;tr&quot;,&quot;description&quot;:&quot;HEAD OFF\\u0130CE&lt;br&gt;&lt;a target=\\&quot;_blank\\&quot; href=\\&quot;https:\\\/\\\/wa.me\\\/905495712018\\&quot;&gt;\\nWhatsapp : +90 242 443 12 00&lt;\\\/a&gt;\\n&lt;br&gt;\\nMail : info@ekoturka.com&lt;br&gt;\\nAdress : Ye\\u015filbay\\u0131r Mah. Akdeniz Bulvar\\u0131 No:64\\\/1 D\\u00f6\\u015femealt\\u0131 ANTALYA&quot;,&quot;pin&quot;:&quot;hidden&quot;,&quot;fill&quot;:&quot;#f24c00&quot;,&quot;action&quot;:&quot;tooltip&quot;,&quot;x&quot;:&quot;0.5910&quot;,&quot;y&quot;:&quot;0.5205&quot;,&quot;level&quot;:&quot;world&quot;,&quot;color&quot;:&quot;#f24c00&quot;,&quot;style&quot;:&quot;Dist&quot;},{&quot;title&quot;:&quot;Serbia&quot;,&quot;id&quot;:&quot;rs&quot;,&quot;description&quot;:&quot;&lt;p&gt;Company : ISTAR ENERGIJA&lt;br \\\/&gt;&lt;a href=\\&quot;https:\\\/\\\/wa.me\\\/905495712018\\&quot; target=\\&quot;_blank\\&quot; rel=\\&quot;noopener\\&quot;&gt; Whatsapp : +381 62 251 988 &lt;\\\/a&gt; &lt;br \\\/&gt;Phone : +381 19 803 810&lt;br \\\/&gt;Adress : 29. NOVEMBAR BB 19320 KLADOVO&lt;\\\/p&gt;&quot;,&quot;pin&quot;:&quot;hidden&quot;,&quot;fill&quot;:&quot;#f24c00&quot;,&quot;style&quot;:&quot;Dist&quot;,&quot;action&quot;:&quot;tooltip&quot;,&quot;x&quot;:&quot;0.5550&quot;,&quot;y&quot;:&quot;0.4904&quot;,&quot;level&quot;:&quot;world&quot;,&quot;color&quot;:&quot;#f24c00&quot;},{&quot;title&quot;:&quot;Romania&quot;,&quot;id&quot;:&quot;ro&quot;,&quot;description&quot;:&quot;&lt;p&gt;Romania&lt;\\\/p&gt;&quot;,&quot;pin&quot;:&quot;hidden&quot;,&quot;fill&quot;:&quot;#f24c00&quot;,&quot;style&quot;:&quot;Dist&quot;,&quot;action&quot;:&quot;tooltip&quot;,&quot;x&quot;:&quot;0.5667&quot;,&quot;y&quot;:&quot;0.4838&quot;,&quot;level&quot;:&quot;world&quot;,&quot;color&quot;:&quot;#f24c00&quot;},{&quot;title&quot;:&quot;Netherlands&quot;,&quot;id&quot;:&quot;nl&quot;,&quot;description&quot;:&quot;&lt;a target=\\&quot;_blank\\&quot; href=\\&quot;https:\\\/\\\/wa.me\\\/31617999799\\&quot;&gt;\\nWhatsapp : +31 6 17999799 &lt;\\\/a&gt;&quot;,&quot;pin&quot;:&quot;hidden&quot;,&quot;style&quot;:&quot;Dist&quot;,&quot;action&quot;:&quot;default&quot;,&quot;x&quot;:&quot;0.5165&quot;,&quot;y&quot;:&quot;0.4399&quot;,&quot;level&quot;:&quot;world&quot;},{&quot;title&quot;:&quot;UK&quot;,&quot;id&quot;:&quot;gb&quot;,&quot;pin&quot;:&quot;hidden&quot;,&quot;style&quot;:&quot;Dist&quot;,&quot;action&quot;:&quot;default&quot;,&quot;x&quot;:&quot;0.4962&quot;,&quot;y&quot;:&quot;0.4417&quot;,&quot;level&quot;:&quot;world&quot;,&quot;description&quot;:&quot;&lt;p&gt;Company : LONDON HEAT\\u0130NG PUMPS&lt;br \\\/&gt;&lt;a href=\\&quot;https:\\\/\\\/wa.me\\\/905495712018\\&quot; target=\\&quot;_blank\\&quot; rel=\\&quot;noopener\\&quot;&gt; Whatsapp : +44 7310969092&lt;\\\/a&gt;&lt;br \\\/&gt;Phone : +44 02088533123&lt;br \\\/&gt;Adress : STANDARD HOUSE 107 -115 EASTMOOR STREET, LONDON, SE7 8LX.&lt;\\\/p&gt;&quot;}]}\"><\/div><\/div>\t\t<\/div>\n\t\t\t\t<\/div>\n\t\t\t\t\t<\/div>\n\t\t<\/div>\n\t\t\t\t\t\t\t<\/div>\n\t\t<\/section>\n\t\t\t\t<section class=\"wd-negative-gap elementor-section elementor-top-section elementor-element elementor-element-4054542 elementor-section-boxed elementor-section-height-default elementor-section-height-default wd-section-disabled\" data-id=\"4054542\" data-element_type=\"section\">\n\t\t\t\t\t\t<div class=\"elementor-container elementor-column-gap-default\">\n\t\t\t\t\t<div class=\"elementor-column elementor-col-50 elementor-top-column elementor-element elementor-element-3120801\" data-id=\"3120801\" data-element_type=\"column\">\n\t\t\t<div class=\"elementor-widget-wrap elementor-element-populated\">\n\t\t\t\t\t\t\t\t<div class=\"elementor-element elementor-element-9a67945 elementor-widget elementor-widget-wd_title\" data-id=\"9a67945\" data-element_type=\"widget\" data-widget_type=\"wd_title.default\">\n\t\t\t\t<div class=\"elementor-widget-container\">\n\t\t\t\t\t<div class=\"title-wrapper set-mb-s reset-last-child wd-title-color-default wd-title-style-default wd-title-size-default text-left\">\n\n\t\t\t\t\t\t\t<div class=\"title-subtitle subtitle-color-default subtitle-style-default wd-fontsize-xs\">\n\t\t\t\t\tT\u00fcrkiye\t\t\t\t<\/div>\n\t\t\t\n\t\t\t<div class=\"liner-continer\">\n\t\t\t\t<h4 class=\"woodmart-title-container title wd-fontsize-l\">Merkez Ofis<\/h4> \n\t\t\t\t\t\t\t<\/div>\n\n\t\t\t\t\t<\/div>\n\t\t\t\t<\/div>\n\t\t\t\t<\/div>\n\t\t\t\t<div class=\"elementor-element elementor-element-eceba05 elementor-icon-list--layout-traditional elementor-list-item-link-full_width elementor-widget elementor-widget-icon-list\" data-id=\"eceba05\" data-element_type=\"widget\" data-widget_type=\"icon-list.default\">\n\t\t\t\t<div class=\"elementor-widget-container\">\n\t\t\t<link rel=\"stylesheet\" href=\"https:\/\/ekoturka.com\/wp-content\/plugins\/elementor\/assets\/css\/widget-icon-list.min.css\">\t\t<ul class=\"elementor-icon-list-items\">\n\t\t\t\t\t\t\t<li class=\"elementor-icon-list-item\">\n\t\t\t\t\t\t\t\t\t\t\t<a href=\"tel: 905303988026\">\n\n\t\t\t\t\t\t\t\t\t\t\t\t<span class=\"elementor-icon-list-icon\">\n\t\t\t\t\t\t\t<i aria-hidden=\"true\" class=\"fas fa-phone-alt\"><\/i>\t\t\t\t\t\t<\/span>\n\t\t\t\t\t\t\t\t\t\t<span class=\"elementor-icon-list-text\">Phone :  +90 530 398 80 26<\/span>\n\t\t\t\t\t\t\t\t\t\t\t<\/a>\n\t\t\t\t\t\t\t\t\t<\/li>\n\t\t\t\t\t\t\t\t<li class=\"elementor-icon-list-item\">\n\t\t\t\t\t\t\t\t\t\t\t<span class=\"elementor-icon-list-icon\">\n\t\t\t\t\t\t\t<i aria-hidden=\"true\" class=\"fas fa-mail-bulk\"><\/i>\t\t\t\t\t\t<\/span>\n\t\t\t\t\t\t\t\t\t\t<span class=\"elementor-icon-list-text\">Bilgi: info@ekoturka.com<\/span>\n\t\t\t\t\t\t\t\t\t<\/li>\n\t\t\t\t\t\t\t\t<li class=\"elementor-icon-list-item\">\n\t\t\t\t\t\t\t\t\t\t\t<span class=\"elementor-icon-list-icon\">\n\t\t\t\t\t\t\t<i aria-hidden=\"true\" class=\"fas fa-mail-bulk\"><\/i>\t\t\t\t\t\t<\/span>\n\t\t\t\t\t\t\t\t\t\t<span class=\"elementor-icon-list-text\">\u0130hracat: export@ecocycleheatpumps.com<\/span>\n\t\t\t\t\t\t\t\t\t<\/li>\n\t\t\t\t\t\t\t\t<li class=\"elementor-icon-list-item\">\n\t\t\t\t\t\t\t\t\t\t\t<span class=\"elementor-icon-list-icon\">\n\t\t\t\t\t\t\t<i aria-hidden=\"true\" class=\"fas fa-map-marker-alt\"><\/i>\t\t\t\t\t\t<\/span>\n\t\t\t\t\t\t\t\t\t\t<span class=\"elementor-icon-list-text\">Adres : \u00c7\u0131plakl\u0131, 2209. Cadde No:3, 07190 D\u00f6\u015femealt\u0131\/Antalya<\/span>\n\t\t\t\t\t\t\t\t\t<\/li>\n\t\t\t\t\t\t<\/ul>\n\t\t\t\t<\/div>\n\t\t\t\t<\/div>\n\t\t\t\t<div class=\"elementor-element elementor-element-0ceaf0d elementor-widget elementor-widget-html\" data-id=\"0ceaf0d\" data-element_type=\"widget\" data-widget_type=\"html.default\">\n\t\t\t\t<div class=\"elementor-widget-container\">\n\t\t\t<iframe src=\"https:\/\/www.google.com\/maps\/embed?pb=!1m14!1m8!1m3!1d101862.85585338666!2d30.681931545410166!3d37.07620386795361!3m2!1i1024!2i768!4f13.1!3m3!1m2!1s0x0%3A0x7ac5826f52051f89!2sEcocycle%20Is%C4%B1%20Pompalar%C4%B1!5e0!3m2!1str!2str!4v1634930529377!5m2!1str!2str\" width=\"600\" height=\"300\" style=\"border:0;\" allowfullscreen=\"\" loading=\"lazy\"><\/iframe>\t\t<\/div>\n\t\t\t\t<\/div>\n\t\t\t\t\t<\/div>\n\t\t<\/div>\n\t\t\t\t<div class=\"elementor-column elementor-col-50 elementor-top-column elementor-element elementor-element-2007052\" data-id=\"2007052\" data-element_type=\"column\">\n\t\t\t<div class=\"elementor-widget-wrap elementor-element-populated\">\n\t\t\t\t\t\t\t\t<div class=\"elementor-element elementor-element-9025112 elementor-widget elementor-widget-wd_title\" data-id=\"9025112\" data-element_type=\"widget\" data-widget_type=\"wd_title.default\">\n\t\t\t\t<div class=\"elementor-widget-container\">\n\t\t\t\t\t<div class=\"title-wrapper set-mb-s reset-last-child wd-title-color-default wd-title-style-default wd-title-size-default text-left\">\n\n\t\t\t\t\t\t\t<div class=\"title-subtitle subtitle-color-default subtitle-style-default wd-fontsize-xs\">\n\t\t\t\t\tB\u0130LG\u0130\t\t\t\t<\/div>\n\t\t\t\n\t\t\t<div class=\"liner-continer\">\n\t\t\t\t<h4 class=\"woodmart-title-container title wd-fontsize-l\">B\u0130ZE SORUN <\/h4> \n\t\t\t\t\t\t\t<\/div>\n\n\t\t\t\t\t<\/div>\n\t\t\t\t<\/div>\n\t\t\t\t<\/div>\n\t\t\t\t<div class=\"elementor-element elementor-element-9327498 elementor-widget elementor-widget-wd_contact_form_7\" data-id=\"9327498\" data-element_type=\"widget\" data-widget_type=\"wd_contact_form_7.default\">\n\t\t\t\t<div class=\"elementor-widget-container\">\n\t\t\t\n<div class=\"wpcf7 no-js\" id=\"wpcf7-f608-o1\" lang=\"en-US\" dir=\"ltr\">\n<div class=\"screen-reader-response\"><p role=\"status\" aria-live=\"polite\" aria-atomic=\"true\"><\/p> <ul><\/ul><\/div>\n<form action=\"\/tr\/wp-json\/wp\/v2\/pages\/646#wpcf7-f608-o1\" method=\"post\" class=\"wpcf7-form init\" aria-label=\"Contact form\" novalidate=\"novalidate\" data-status=\"init\" data-trp-original-action=\"\/tr\/wp-json\/wp\/v2\/pages\/646#wpcf7-f608-o1\">\n<div style=\"display: none;\">\n<input type=\"hidden\" name=\"_wpcf7\" value=\"608\" \/>\n<input type=\"hidden\" name=\"_wpcf7_version\" value=\"5.7.7\" \/>\n<input type=\"hidden\" name=\"_wpcf7_locale\" value=\"en_US\" \/>\n<input type=\"hidden\" name=\"_wpcf7_unit_tag\" value=\"wpcf7-f608-o1\" \/>\n<input type=\"hidden\" name=\"_wpcf7_container_post\" value=\"0\" \/>\n<input type=\"hidden\" name=\"_wpcf7_posted_data_hash\" value=\"\" \/>\n<input type=\"hidden\" name=\"_wpcf7_recaptcha_response\" value=\"\" \/>\n<\/div>\n<div class=\"row\">\n\t<div class=\"col-md-6\" style='margin-bottom:20px;'>\n\t\t<p><label>\u0130sminiz<\/label><span class=\"wpcf7-form-control-wrap\" data-name=\"your-name\"><input size=\"40\" class=\"wpcf7-form-control wpcf7-text wpcf7-validates-as-required\" aria-required=\"true\" aria-invalid=\"false\" value=\"\" type=\"text\" name=\"your-name\" \/><\/span>\n\t\t<\/p>\n\t<\/div>\n\t<div class=\"col-md-6\" style='margin-bottom:20px;'>\n\t\t<p><label>Mail Adresiniz<\/label><span class=\"wpcf7-form-control-wrap\" data-name=\"your-email\"><input size=\"40\" class=\"wpcf7-form-control wpcf7-text wpcf7-email wpcf7-validates-as-required wpcf7-validates-as-email\" aria-required=\"true\" aria-invalid=\"false\" value=\"\" type=\"email\" name=\"your-email\" \/><\/span>\n\t\t<\/p>\n\t<\/div>\n<\/div>\n<div class=\"row\">\n\t<div class=\"col-md-6\" style='margin-bottom:20px;'>\n\t\t<p><label>Telefon Numaran\u0131z<\/label><span class=\"wpcf7-form-control-wrap\" data-name=\"tel-767\"><input size=\"40\" class=\"wpcf7-form-control wpcf7-text wpcf7-tel wpcf7-validates-as-tel\" aria-invalid=\"false\" value=\"\" type=\"tel\" name=\"tel-767\" \/><\/span>\n\t\t<\/p>\n\t<\/div>\n\t<div class=\"col-md-6\" style='margin-bottom:20px;'>\n\t\t<p><label>Firma Ad\u0131<\/label><span class=\"wpcf7-form-control-wrap\" data-name=\"text-1\"><input size=\"40\" class=\"wpcf7-form-control wpcf7-text\" aria-invalid=\"false\" value=\"\" type=\"text\" name=\"text-1\" \/><\/span>\n\t\t<\/p>\n\t<\/div>\n\n<\/div>\n<p><label>Mesaj\u0131n\u0131z<\/label><span class=\"wpcf7-form-control-wrap\" data-name=\"your-message\"><textarea cols=\"40\" rows=\"10\" class=\"wpcf7-form-control wpcf7-textarea\" aria-invalid=\"false\" name=\"your-message\"><\/textarea><\/span>\n<\/p>\n<p><input class=\"wpcf7-form-control has-spinner wpcf7-submit btn-color-black\" type=\"submit\" value=\"Soru Sor\" \/>\n<\/p><div class=\"wpcf7-response-output\" aria-hidden=\"true\"><\/div>\n<input type=\"hidden\" name=\"trp-form-language\" value=\"tr\"\/><\/form>\n<\/div>\n\t\t<\/div>\n\t\t\t\t<\/div>\n\t\t\t\t\t<\/div>\n\t\t<\/div>\n\t\t\t\t\t\t\t<\/div>\n\t\t<\/section>\n\t\t\t\t\t\t\t<\/div>","protected":false},"excerpt":{"rendered":"<p>Turkey Head Office Phone : +90 530 398 80 26 Info: info@ekoturka.com Export: export@ecocycleheatpumps.com Adress : \u00c7\u0131plakl\u0131, 2209. Cadde No:3,<\/p>","protected":false},"author":7,"featured_media":0,"parent":0,"menu_order":0,"comment_status":"closed","ping_status":"closed","template":"","meta":{"footnotes":""},"class_list":["post-646","page","type-page","status-publish","hentry"],"yoast_head":"<!-- This site is optimized with the Yoast SEO Premium plugin v20.10 (Yoast SEO v20.10) - https:\/\/yoast.com\/wordpress\/plugins\/seo\/ -->\n<title>Contact Us | Ecocycle<\/title>\n<meta name=\"robots\" content=\"index, follow, max-snippet:-1, max-image-preview:large, max-video-preview:-1\" \/>\n<link rel=\"canonical\" href=\"https:\/\/ekoturka.com\/tr\/contact-us\/\" \/>\n<meta property=\"og:locale\" content=\"tr_TR\" \/>\n<meta property=\"og:type\" content=\"article\" \/>\n<meta property=\"og:title\" content=\"Contact Us\" \/>\n<meta property=\"og:description\" content=\"Turkey Head Office Phone : +90 530 398 80 26 Info: info@ekoturka.com Export: export@ecocycleheatpumps.com Adress : \u00c7\u0131plakl\u0131, 2209. Cadde No:3,\" \/>\n<meta property=\"og:url\" content=\"https:\/\/ekoturka.com\/tr\/contact-us\/\" \/>\n<meta property=\"og:site_name\" content=\"Ecocycle\" \/>\n<meta property=\"article:modified_time\" content=\"2025-09-23T08:53:15+00:00\" \/>\n<meta name=\"twitter:card\" content=\"summary_large_image\" \/>\n<meta name=\"twitter:label1\" content=\"Tahmini okuma s\u00fcresi\" \/>\n\t<meta name=\"twitter:data1\" content=\"1 dakika\" \/>\n<script type=\"application\/ld+json\" class=\"yoast-schema-graph\">{\"@context\":\"https:\/\/schema.org\",\"@graph\":[{\"@type\":\"WebPage\",\"@id\":\"https:\/\/ekoturka.com\/contact-us\/\",\"url\":\"https:\/\/ekoturka.com\/contact-us\/\",\"name\":\"Contact Us | Ecocycle\",\"isPartOf\":{\"@id\":\"http:\/\/ekoturka.com\/en\/#website\"},\"datePublished\":\"2017-06-26T14:07:05+00:00\",\"dateModified\":\"2025-09-23T08:53:15+00:00\",\"breadcrumb\":{\"@id\":\"https:\/\/ekoturka.com\/contact-us\/#breadcrumb\"},\"inLanguage\":\"tr\",\"potentialAction\":[{\"@type\":\"ReadAction\",\"target\":[\"https:\/\/ekoturka.com\/contact-us\/\"]}]},{\"@type\":\"BreadcrumbList\",\"@id\":\"https:\/\/ekoturka.com\/contact-us\/#breadcrumb\",\"itemListElement\":[{\"@type\":\"ListItem\",\"position\":1,\"name\":\"Home\",\"item\":\"http:\/\/ekoturka.com\/en\/\"},{\"@type\":\"ListItem\",\"position\":2,\"name\":\"Contact Us\"}]},{\"@type\":\"WebSite\",\"@id\":\"http:\/\/ekoturka.com\/en\/#website\",\"url\":\"http:\/\/ekoturka.com\/en\/\",\"name\":\"Ecocycle\",\"description\":\"Heat Pump\",\"publisher\":{\"@id\":\"http:\/\/ekoturka.com\/en\/#organization\"},\"potentialAction\":[{\"@type\":\"SearchAction\",\"target\":{\"@type\":\"EntryPoint\",\"urlTemplate\":\"http:\/\/ekoturka.com\/en\/?s={search_term_string}\"},\"query-input\":\"required name=search_term_string\"}],\"inLanguage\":\"tr\"},{\"@type\":\"Organization\",\"@id\":\"http:\/\/ekoturka.com\/en\/#organization\",\"name\":\"Ecocycle Heat Pumps\",\"url\":\"http:\/\/ekoturka.com\/en\/\",\"logo\":{\"@type\":\"ImageObject\",\"inLanguage\":\"tr\",\"@id\":\"http:\/\/ekoturka.com\/en\/#\/schema\/logo\/image\/\",\"url\":\"https:\/\/ekoturka.com\/wp-content\/uploads\/2021\/11\/logo-ecocycle-heat-pumps-min.jpg\",\"contentUrl\":\"https:\/\/ekoturka.com\/wp-content\/uploads\/2021\/11\/logo-ecocycle-heat-pumps-min.jpg\",\"width\":534,\"height\":150,\"caption\":\"Ecocycle Heat Pumps\"},\"image\":{\"@id\":\"http:\/\/ekoturka.com\/en\/#\/schema\/logo\/image\/\"}}]}<\/script>\n<!-- \/ Yoast SEO Premium plugin. -->","yoast_head_json":{"title":"Contact Us | Ecocycle","robots":{"index":"index","follow":"follow","max-snippet":"max-snippet:-1","max-image-preview":"max-image-preview:large","max-video-preview":"max-video-preview:-1"},"canonical":"https:\/\/ekoturka.com\/tr\/contact-us\/","og_locale":"tr_TR","og_type":"article","og_title":"Contact Us","og_description":"Turkey Head Office Phone : +90 530 398 80 26 Info: info@ekoturka.com Export: export@ecocycleheatpumps.com Adress : \u00c7\u0131plakl\u0131, 2209. Cadde No:3,","og_url":"https:\/\/ekoturka.com\/tr\/contact-us\/","og_site_name":"Ecocycle","article_modified_time":"2025-09-23T08:53:15+00:00","twitter_card":"summary_large_image","twitter_misc":{"Tahmini okuma s\u00fcresi":"1 dakika"},"schema":{"@context":"https:\/\/schema.org","@graph":[{"@type":"WebPage","@id":"https:\/\/ekoturka.com\/contact-us\/","url":"https:\/\/ekoturka.com\/contact-us\/","name":"Contact Us | Ecocycle","isPartOf":{"@id":"http:\/\/ekoturka.com\/en\/#website"},"datePublished":"2017-06-26T14:07:05+00:00","dateModified":"2025-09-23T08:53:15+00:00","breadcrumb":{"@id":"https:\/\/ekoturka.com\/contact-us\/#breadcrumb"},"inLanguage":"tr","potentialAction":[{"@type":"ReadAction","target":["https:\/\/ekoturka.com\/contact-us\/"]}]},{"@type":"BreadcrumbList","@id":"https:\/\/ekoturka.com\/contact-us\/#breadcrumb","itemListElement":[{"@type":"ListItem","position":1,"name":"Home","item":"http:\/\/ekoturka.com\/en\/"},{"@type":"ListItem","position":2,"name":"Contact Us"}]},{"@type":"WebSite","@id":"http:\/\/ekoturka.com\/en\/#website","url":"http:\/\/ekoturka.com\/en\/","name":"Ecocycle","description":"Heat Pump","publisher":{"@id":"http:\/\/ekoturka.com\/en\/#organization"},"potentialAction":[{"@type":"SearchAction","target":{"@type":"EntryPoint","urlTemplate":"http:\/\/ekoturka.com\/en\/?s={search_term_string}"},"query-input":"required name=search_term_string"}],"inLanguage":"tr"},{"@type":"Organization","@id":"http:\/\/ekoturka.com\/en\/#organization","name":"Ecocycle Heat Pumps","url":"http:\/\/ekoturka.com\/en\/","logo":{"@type":"ImageObject","inLanguage":"tr","@id":"http:\/\/ekoturka.com\/en\/#\/schema\/logo\/image\/","url":"https:\/\/ekoturka.com\/wp-content\/uploads\/2021\/11\/logo-ecocycle-heat-pumps-min.jpg","contentUrl":"https:\/\/ekoturka.com\/wp-content\/uploads\/2021\/11\/logo-ecocycle-heat-pumps-min.jpg","width":534,"height":150,"caption":"Ecocycle Heat Pumps"},"image":{"@id":"http:\/\/ekoturka.com\/en\/#\/schema\/logo\/image\/"}}]}},"_links":{"self":[{"href":"https:\/\/ekoturka.com\/tr\/wp-json\/wp\/v2\/pages\/646","targetHints":{"allow":["GET"]}}],"collection":[{"href":"https:\/\/ekoturka.com\/tr\/wp-json\/wp\/v2\/pages"}],"about":[{"href":"https:\/\/ekoturka.com\/tr\/wp-json\/wp\/v2\/types\/page"}],"author":[{"embeddable":true,"href":"https:\/\/ekoturka.com\/tr\/wp-json\/wp\/v2\/users\/7"}],"replies":[{"embeddable":true,"href":"https:\/\/ekoturka.com\/tr\/wp-json\/wp\/v2\/comments?post=646"}],"version-history":[{"count":76,"href":"https:\/\/ekoturka.com\/tr\/wp-json\/wp\/v2\/pages\/646\/revisions"}],"predecessor-version":[{"id":13277,"href":"https:\/\/ekoturka.com\/tr\/wp-json\/wp\/v2\/pages\/646\/revisions\/13277"}],"wp:attachment":[{"href":"https:\/\/ekoturka.com\/tr\/wp-json\/wp\/v2\/media?parent=646"}],"curies":[{"name":"wp","href":"https:\/\/api.w.org\/{rel}","templated":true}]}}