{"id":12116,"date":"2021-11-05T17:39:42","date_gmt":"2021-11-05T17:39:42","guid":{"rendered":"https:\/\/ekoturka.com\/?post_type=product&#038;p=12116"},"modified":"2022-02-21T11:34:28","modified_gmt":"2022-02-21T11:34:28","slug":"ecocycle-s12","status":"publish","type":"product","link":"https:\/\/ekoturka.com\/tr\/urun\/ecocycle-s12\/","title":{"rendered":"Ecocycle S12"},"content":{"rendered":"<div data-elementor-type=\"wp-post\" data-elementor-id=\"12116\" class=\"elementor elementor-12116\">\n\t\t\t\t\t\t\t\t\t<section class=\"wd-negative-gap elementor-section elementor-top-section elementor-element elementor-element-e9569dd elementor-section-boxed elementor-section-height-default elementor-section-height-default wd-section-disabled\" data-id=\"e9569dd\" data-element_type=\"section\">\n\t\t\t\t\t\t<div class=\"elementor-container elementor-column-gap-default\">\n\t\t\t\t\t<div class=\"elementor-column elementor-col-100 elementor-top-column elementor-element elementor-element-8fe7b0b\" data-id=\"8fe7b0b\" data-element_type=\"column\">\n\t\t\t<div class=\"elementor-widget-wrap elementor-element-populated\">\n\t\t\t\t\t\t\t\t<div class=\"elementor-element elementor-element-abda3d9 elementor-widget elementor-widget-wp-widget-custom_html\" data-id=\"abda3d9\" data-element_type=\"widget\" data-widget_type=\"wp-widget-custom_html.default\">\n\t\t\t\t<div class=\"elementor-widget-container\">\n\t\t\t<div class=\"textwidget custom-html-widget\"><object>    <\/object><\/div>\t\t<\/div>\n\t\t\t\t<\/div>\n\t\t\t\t\t<\/div>\n\t\t<\/div>\n\t\t\t\t\t\t\t<\/div>\n\t\t<\/section>\n\t\t\t\t\t\t\t<\/div>","protected":false},"excerpt":{"rendered":"<p>Is\u0131tma modu 1\u2019de 7\u00b0C\u2019lik d\u0131\u015f havada, 35\u00b0C\u2019lik s\u0131cak su \u00e7\u0131k\u0131\u015f\u0131nda 12,60kW kapasite ve COP 4,31\u2019lik verimlili\u011fe sahiptir. Is\u0131tma modu 2\u2019de 7\u00b0C\u2019lik d\u0131\u015f havada, 45\u00b0C\u2019lik s\u0131cak su \u00e7\u0131k\u0131\u015f\u0131nda 12,20kW kapasite ve COP 3,36\u2019lik verimlili\u011fe sahiptir. So\u011futma modunda ise 35\u00b0C\u2019lik d\u0131\u015f havada, 7\u00b0C\u2019lik su \u00e7\u0131k\u0131\u015f\u0131nda 9,35kW kapasite ve EER 2,55 verimlili\u011fe sahiptir.<\/p>","protected":false},"featured_media":12128,"template":"","meta":[],"product_cat":[67],"product_tag":[],"class_list":["post-12116","product","type-product","status-publish","has-post-thumbnail","hentry","product_cat-air-to-water"],"yoast_head":"<!-- This site is optimized with the Yoast SEO Premium plugin v20.10 (Yoast SEO v20.10) - https:\/\/yoast.com\/wordpress\/plugins\/seo\/ -->\n<title>Ecocycle S12 | Ecocycle<\/title>\n<meta name=\"robots\" content=\"index, follow, max-snippet:-1, max-image-preview:large, max-video-preview:-1\" \/>\n<link rel=\"canonical\" href=\"https:\/\/ekoturka.com\/tr\/urun\/ecocycle-s12\/\" \/>\n<meta property=\"og:locale\" content=\"tr_TR\" \/>\n<meta property=\"og:type\" content=\"article\" \/>\n<meta property=\"og:title\" content=\"Ecocycle S12\" \/>\n<meta property=\"og:description\" content=\"In heating mode 1, it has a capacity of 12,60kW and an efficiency of COP 4,31 at a hot water output of 35\u00b0C in 7\u00b0C outside air temperature. In heating mode 2, it has a capacity of 12,20kW and an efficiency of COP 3,36 at a hot water output of 45\u00b0C in 7\u00b0C outside air temperature. In cooling mode, it has a capacity of 9,35kW and an efficiency of EER 2,55 at a water output of 7\u00b0C in 35\u00b0C outside air temperature.\" \/>\n<meta property=\"og:url\" content=\"https:\/\/ekoturka.com\/tr\/urun\/ecocycle-s12\/\" \/>\n<meta property=\"og:site_name\" content=\"Ecocycle\" \/>\n<meta property=\"article:modified_time\" content=\"2022-02-21T11:34:28+00:00\" \/>\n<meta property=\"og:image\" content=\"https:\/\/ekoturka.com\/wp-content\/uploads\/2021\/10\/s12-1.jpg\" \/>\n\t<meta property=\"og:image:width\" content=\"801\" \/>\n\t<meta property=\"og:image:height\" content=\"801\" \/>\n\t<meta property=\"og:image:type\" content=\"image\/jpeg\" \/>\n<meta name=\"twitter:card\" content=\"summary_large_image\" \/>\n<script type=\"application\/ld+json\" class=\"yoast-schema-graph\">{\"@context\":\"https:\/\/schema.org\",\"@graph\":[{\"@type\":\"WebPage\",\"@id\":\"https:\/\/ekoturka.com\/en\/urun\/ecocycle-s12\/\",\"url\":\"https:\/\/ekoturka.com\/en\/urun\/ecocycle-s12\/\",\"name\":\"Ecocycle S12 | Ecocycle\",\"isPartOf\":{\"@id\":\"http:\/\/ekoturka.com\/en\/#website\"},\"datePublished\":\"2021-11-05T17:39:42+00:00\",\"dateModified\":\"2022-02-21T11:34:28+00:00\",\"breadcrumb\":{\"@id\":\"https:\/\/ekoturka.com\/en\/urun\/ecocycle-s12\/#breadcrumb\"},\"inLanguage\":\"tr\",\"potentialAction\":[{\"@type\":\"ReadAction\",\"target\":[\"https:\/\/ekoturka.com\/en\/urun\/ecocycle-s12\/\"]}]},{\"@type\":\"BreadcrumbList\",\"@id\":\"https:\/\/ekoturka.com\/en\/urun\/ecocycle-s12\/#breadcrumb\",\"itemListElement\":[{\"@type\":\"ListItem\",\"position\":1,\"name\":\"Home\",\"item\":\"http:\/\/ekoturka.com\/en\/\"},{\"@type\":\"ListItem\",\"position\":2,\"name\":\"Ecocycle Heat Pumps\",\"item\":\"https:\/\/ekoturka.com\/en\/heat-pumps\/\"},{\"@type\":\"ListItem\",\"position\":3,\"name\":\"Ecocycle S12\"}]},{\"@type\":\"WebSite\",\"@id\":\"http:\/\/ekoturka.com\/en\/#website\",\"url\":\"http:\/\/ekoturka.com\/en\/\",\"name\":\"Ecocycle\",\"description\":\"Heat Pump\",\"publisher\":{\"@id\":\"http:\/\/ekoturka.com\/en\/#organization\"},\"potentialAction\":[{\"@type\":\"SearchAction\",\"target\":{\"@type\":\"EntryPoint\",\"urlTemplate\":\"http:\/\/ekoturka.com\/en\/?s={search_term_string}\"},\"query-input\":\"required name=search_term_string\"}],\"inLanguage\":\"tr\"},{\"@type\":\"Organization\",\"@id\":\"http:\/\/ekoturka.com\/en\/#organization\",\"name\":\"Ecocycle Heat Pumps\",\"url\":\"http:\/\/ekoturka.com\/en\/\",\"logo\":{\"@type\":\"ImageObject\",\"inLanguage\":\"tr\",\"@id\":\"http:\/\/ekoturka.com\/en\/#\/schema\/logo\/image\/\",\"url\":\"https:\/\/ekoturka.com\/wp-content\/uploads\/2021\/11\/logo-ecocycle-heat-pumps-min.jpg\",\"contentUrl\":\"https:\/\/ekoturka.com\/wp-content\/uploads\/2021\/11\/logo-ecocycle-heat-pumps-min.jpg\",\"width\":534,\"height\":150,\"caption\":\"Ecocycle Heat Pumps\"},\"image\":{\"@id\":\"http:\/\/ekoturka.com\/en\/#\/schema\/logo\/image\/\"}}]}<\/script>\n<!-- \/ Yoast SEO Premium plugin. -->","yoast_head_json":{"title":"Ecocycle S12 | Ecocycle","robots":{"index":"index","follow":"follow","max-snippet":"max-snippet:-1","max-image-preview":"max-image-preview:large","max-video-preview":"max-video-preview:-1"},"canonical":"https:\/\/ekoturka.com\/tr\/urun\/ecocycle-s12\/","og_locale":"tr_TR","og_type":"article","og_title":"Ecocycle S12","og_description":"In heating mode 1, it has a capacity of 12,60kW and an efficiency of COP 4,31 at a hot water output of 35\u00b0C in 7\u00b0C outside air temperature. In heating mode 2, it has a capacity of 12,20kW and an efficiency of COP 3,36 at a hot water output of 45\u00b0C in 7\u00b0C outside air temperature. In cooling mode, it has a capacity of 9,35kW and an efficiency of EER 2,55 at a water output of 7\u00b0C in 35\u00b0C outside air temperature.","og_url":"https:\/\/ekoturka.com\/tr\/urun\/ecocycle-s12\/","og_site_name":"Ecocycle","article_modified_time":"2022-02-21T11:34:28+00:00","og_image":[{"width":801,"height":801,"url":"https:\/\/ekoturka.com\/wp-content\/uploads\/2021\/10\/s12-1.jpg","type":"image\/jpeg"}],"twitter_card":"summary_large_image","schema":{"@context":"https:\/\/schema.org","@graph":[{"@type":"WebPage","@id":"https:\/\/ekoturka.com\/en\/urun\/ecocycle-s12\/","url":"https:\/\/ekoturka.com\/en\/urun\/ecocycle-s12\/","name":"Ecocycle S12 | Ecocycle","isPartOf":{"@id":"http:\/\/ekoturka.com\/en\/#website"},"datePublished":"2021-11-05T17:39:42+00:00","dateModified":"2022-02-21T11:34:28+00:00","breadcrumb":{"@id":"https:\/\/ekoturka.com\/en\/urun\/ecocycle-s12\/#breadcrumb"},"inLanguage":"tr","potentialAction":[{"@type":"ReadAction","target":["https:\/\/ekoturka.com\/en\/urun\/ecocycle-s12\/"]}]},{"@type":"BreadcrumbList","@id":"https:\/\/ekoturka.com\/en\/urun\/ecocycle-s12\/#breadcrumb","itemListElement":[{"@type":"ListItem","position":1,"name":"Home","item":"http:\/\/ekoturka.com\/en\/"},{"@type":"ListItem","position":2,"name":"Ecocycle Heat Pumps","item":"https:\/\/ekoturka.com\/en\/heat-pumps\/"},{"@type":"ListItem","position":3,"name":"Ecocycle S12"}]},{"@type":"WebSite","@id":"http:\/\/ekoturka.com\/en\/#website","url":"http:\/\/ekoturka.com\/en\/","name":"Ecocycle","description":"Heat Pump","publisher":{"@id":"http:\/\/ekoturka.com\/en\/#organization"},"potentialAction":[{"@type":"SearchAction","target":{"@type":"EntryPoint","urlTemplate":"http:\/\/ekoturka.com\/en\/?s={search_term_string}"},"query-input":"required name=search_term_string"}],"inLanguage":"tr"},{"@type":"Organization","@id":"http:\/\/ekoturka.com\/en\/#organization","name":"Ecocycle Heat Pumps","url":"http:\/\/ekoturka.com\/en\/","logo":{"@type":"ImageObject","inLanguage":"tr","@id":"http:\/\/ekoturka.com\/en\/#\/schema\/logo\/image\/","url":"https:\/\/ekoturka.com\/wp-content\/uploads\/2021\/11\/logo-ecocycle-heat-pumps-min.jpg","contentUrl":"https:\/\/ekoturka.com\/wp-content\/uploads\/2021\/11\/logo-ecocycle-heat-pumps-min.jpg","width":534,"height":150,"caption":"Ecocycle Heat Pumps"},"image":{"@id":"http:\/\/ekoturka.com\/en\/#\/schema\/logo\/image\/"}}]}},"_links":{"self":[{"href":"https:\/\/ekoturka.com\/tr\/wp-json\/wp\/v2\/product\/12116","targetHints":{"allow":["GET"]}}],"collection":[{"href":"https:\/\/ekoturka.com\/tr\/wp-json\/wp\/v2\/product"}],"about":[{"href":"https:\/\/ekoturka.com\/tr\/wp-json\/wp\/v2\/types\/product"}],"version-history":[{"count":24,"href":"https:\/\/ekoturka.com\/tr\/wp-json\/wp\/v2\/product\/12116\/revisions"}],"predecessor-version":[{"id":13157,"href":"https:\/\/ekoturka.com\/tr\/wp-json\/wp\/v2\/product\/12116\/revisions\/13157"}],"wp:featuredmedia":[{"embeddable":true,"href":"https:\/\/ekoturka.com\/tr\/wp-json\/wp\/v2\/media\/12128"}],"wp:attachment":[{"href":"https:\/\/ekoturka.com\/tr\/wp-json\/wp\/v2\/media?parent=12116"}],"wp:term":[{"taxonomy":"product_cat","embeddable":true,"href":"https:\/\/ekoturka.com\/tr\/wp-json\/wp\/v2\/product_cat?post=12116"},{"taxonomy":"product_tag","embeddable":true,"href":"https:\/\/ekoturka.com\/tr\/wp-json\/wp\/v2\/product_tag?post=12116"}],"curies":[{"name":"wp","href":"https:\/\/api.w.org\/{rel}","templated":true}]}}