{"id":12239,"date":"2021-10-23T09:25:30","date_gmt":"2021-10-23T09:25:30","guid":{"rendered":"https:\/\/ekoturka.com\/?post_type=product&#038;p=12239"},"modified":"2025-09-16T17:59:29","modified_gmt":"2025-09-16T17:59:29","slug":"ecocycle-w25","status":"publish","type":"product","link":"https:\/\/ekoturka.com\/tr\/urun\/ecocycle-w25\/","title":{"rendered":"Ecocycle W25"},"content":{"rendered":"<div data-elementor-type=\"wp-post\" data-elementor-id=\"12239\" class=\"elementor elementor-12239\">\n\t\t\t\t\t\t\t\t\t<section class=\"wd-negative-gap elementor-section elementor-top-section elementor-element elementor-element-4699754 elementor-section-boxed elementor-section-height-default elementor-section-height-default wd-section-disabled\" data-id=\"4699754\" data-element_type=\"section\">\n\t\t\t\t\t\t<div class=\"elementor-container elementor-column-gap-default\">\n\t\t\t\t\t<div class=\"elementor-column elementor-col-100 elementor-top-column elementor-element elementor-element-4796542\" data-id=\"4796542\" data-element_type=\"column\">\n\t\t\t<div class=\"elementor-widget-wrap elementor-element-populated\">\n\t\t\t\t\t\t\t\t<div class=\"elementor-element elementor-element-9781152 color-scheme-inherit text-left elementor-widget elementor-widget-text-editor\" data-id=\"9781152\" data-element_type=\"widget\" data-widget_type=\"text-editor.default\">\n\t\t\t\t<div class=\"elementor-widget-container\">\n\t\t\t<style>\/*! elementor - v3.14.0 - 26-06-2023 *\/\n.elementor-widget-text-editor.elementor-drop-cap-view-stacked .elementor-drop-cap{background-color:#69727d;color:#fff}.elementor-widget-text-editor.elementor-drop-cap-view-framed .elementor-drop-cap{color:#69727d;border:3px solid;background-color:transparent}.elementor-widget-text-editor:not(.elementor-drop-cap-view-default) .elementor-drop-cap{margin-top:8px}.elementor-widget-text-editor:not(.elementor-drop-cap-view-default) .elementor-drop-cap-letter{width:1em;height:1em}.elementor-widget-text-editor .elementor-drop-cap{float:left;text-align:center;line-height:1;font-size:50px}.elementor-widget-text-editor .elementor-drop-cap-letter{display:inline-block}<\/style>\t\t\t\t<object data=\"your_url_to_pdf\" type=\"application\/pdf\" width=\"300\" height=\"150\">    <iframe height=\"600px\" src=\"\/wp-content\/uploads\/2022\/01\/Ecocycle-W13-17-25-50kW-Engpdf-min.pdf\"><\/iframe><\/object>\t\t\t\t\t\t<\/div>\n\t\t\t\t<\/div>\n\t\t\t\t\t<\/div>\n\t\t<\/div>\n\t\t\t\t\t\t\t<\/div>\n\t\t<\/section>\n\t\t\t\t\t\t\t<\/div>","protected":false},"excerpt":{"rendered":"<p>Is\u0131tma modu 1\u2019de 7\u00b0C\u2019lik su kayna\u011f\u0131nda, 35\u00b0C\u2019lik s\u0131cak su \u00e7\u0131k\u0131\u015f\u0131nda 22,75kW kapasite ve COP 5,24\u2019lik verimlili\u011fe sahiptir. Is\u0131tma modu 2\u2019de 12\u00b0C\u2019lik su kayna\u011f\u0131nda, 45\u00b0C\u2019lik s\u0131cak su \u00e7\u0131k\u0131\u015f\u0131nda 25,12kW kapasite ve COP 4,60\u2019lik verimlili\u011fe sahiptir.<\/p>","protected":false},"featured_media":12190,"template":"","meta":[],"product_cat":[92],"product_tag":[118],"class_list":["post-12239","product","type-product","status-publish","has-post-thumbnail","hentry","product_cat-water-to-water","product_tag-w25"],"yoast_head":"<!-- This site is optimized with the Yoast SEO Premium plugin v20.10 (Yoast SEO v20.10) - https:\/\/yoast.com\/wordpress\/plugins\/seo\/ -->\n<title>Ecocycle W25 | Ecocycle<\/title>\n<meta name=\"robots\" content=\"index, follow, max-snippet:-1, max-image-preview:large, max-video-preview:-1\" \/>\n<link rel=\"canonical\" href=\"https:\/\/ekoturka.com\/tr\/urun\/ecocycle-w25\/\" \/>\n<meta property=\"og:locale\" content=\"tr_TR\" \/>\n<meta property=\"og:type\" content=\"article\" \/>\n<meta property=\"og:title\" content=\"Ecocycle W25\" \/>\n<meta property=\"og:description\" content=\"In heating mode 1, it has a capacity of 22,75kW and an efficiency of COP 5,24 at a hot water output of 35\u00b0C in 7\u00b0C source of water. In heating mode 2, it has a capacity of 25,12kW and an efficiency of COP 4,60 at a hot water output of 45\u00b0C in 12\u00b0C source of water.\" \/>\n<meta property=\"og:url\" content=\"https:\/\/ekoturka.com\/tr\/urun\/ecocycle-w25\/\" \/>\n<meta property=\"og:site_name\" content=\"Ecocycle\" \/>\n<meta property=\"article:modified_time\" content=\"2025-09-16T17:59:29+00:00\" \/>\n<meta property=\"og:image\" content=\"https:\/\/ekoturka.com\/wp-content\/uploads\/2021\/10\/watertowater.jpg\" \/>\n\t<meta property=\"og:image:width\" content=\"801\" \/>\n\t<meta property=\"og:image:height\" content=\"801\" \/>\n\t<meta property=\"og:image:type\" content=\"image\/jpeg\" \/>\n<meta name=\"twitter:card\" content=\"summary_large_image\" \/>\n<script type=\"application\/ld+json\" class=\"yoast-schema-graph\">{\"@context\":\"https:\/\/schema.org\",\"@graph\":[{\"@type\":\"WebPage\",\"@id\":\"https:\/\/ekoturka.com\/en\/urun\/ecocycle-w25\/\",\"url\":\"https:\/\/ekoturka.com\/en\/urun\/ecocycle-w25\/\",\"name\":\"Ecocycle W25 | Ecocycle\",\"isPartOf\":{\"@id\":\"http:\/\/ekoturka.com\/en\/#website\"},\"datePublished\":\"2021-10-23T09:25:30+00:00\",\"dateModified\":\"2025-09-16T17:59:29+00:00\",\"breadcrumb\":{\"@id\":\"https:\/\/ekoturka.com\/en\/urun\/ecocycle-w25\/#breadcrumb\"},\"inLanguage\":\"tr\",\"potentialAction\":[{\"@type\":\"ReadAction\",\"target\":[\"https:\/\/ekoturka.com\/en\/urun\/ecocycle-w25\/\"]}]},{\"@type\":\"BreadcrumbList\",\"@id\":\"https:\/\/ekoturka.com\/en\/urun\/ecocycle-w25\/#breadcrumb\",\"itemListElement\":[{\"@type\":\"ListItem\",\"position\":1,\"name\":\"Home\",\"item\":\"http:\/\/ekoturka.com\/en\/\"},{\"@type\":\"ListItem\",\"position\":2,\"name\":\"Ecocycle Heat Pumps\",\"item\":\"https:\/\/ekoturka.com\/en\/heat-pumps\/\"},{\"@type\":\"ListItem\",\"position\":3,\"name\":\"Ecocycle W25\"}]},{\"@type\":\"WebSite\",\"@id\":\"http:\/\/ekoturka.com\/en\/#website\",\"url\":\"http:\/\/ekoturka.com\/en\/\",\"name\":\"Ecocycle\",\"description\":\"Heat Pump\",\"publisher\":{\"@id\":\"http:\/\/ekoturka.com\/en\/#organization\"},\"potentialAction\":[{\"@type\":\"SearchAction\",\"target\":{\"@type\":\"EntryPoint\",\"urlTemplate\":\"http:\/\/ekoturka.com\/en\/?s={search_term_string}\"},\"query-input\":\"required name=search_term_string\"}],\"inLanguage\":\"tr\"},{\"@type\":\"Organization\",\"@id\":\"http:\/\/ekoturka.com\/en\/#organization\",\"name\":\"Ecocycle Heat Pumps\",\"url\":\"http:\/\/ekoturka.com\/en\/\",\"logo\":{\"@type\":\"ImageObject\",\"inLanguage\":\"tr\",\"@id\":\"http:\/\/ekoturka.com\/en\/#\/schema\/logo\/image\/\",\"url\":\"https:\/\/ekoturka.com\/wp-content\/uploads\/2021\/11\/logo-ecocycle-heat-pumps-min.jpg\",\"contentUrl\":\"https:\/\/ekoturka.com\/wp-content\/uploads\/2021\/11\/logo-ecocycle-heat-pumps-min.jpg\",\"width\":534,\"height\":150,\"caption\":\"Ecocycle Heat Pumps\"},\"image\":{\"@id\":\"http:\/\/ekoturka.com\/en\/#\/schema\/logo\/image\/\"}}]}<\/script>\n<!-- \/ Yoast SEO Premium plugin. -->","yoast_head_json":{"title":"Ecocycle W25 | Ecocycle","robots":{"index":"index","follow":"follow","max-snippet":"max-snippet:-1","max-image-preview":"max-image-preview:large","max-video-preview":"max-video-preview:-1"},"canonical":"https:\/\/ekoturka.com\/tr\/urun\/ecocycle-w25\/","og_locale":"tr_TR","og_type":"article","og_title":"Ecocycle W25","og_description":"In heating mode 1, it has a capacity of 22,75kW and an efficiency of COP 5,24 at a hot water output of 35\u00b0C in 7\u00b0C source of water. In heating mode 2, it has a capacity of 25,12kW and an efficiency of COP 4,60 at a hot water output of 45\u00b0C in 12\u00b0C source of water.","og_url":"https:\/\/ekoturka.com\/tr\/urun\/ecocycle-w25\/","og_site_name":"Ecocycle","article_modified_time":"2025-09-16T17:59:29+00:00","og_image":[{"width":801,"height":801,"url":"https:\/\/ekoturka.com\/wp-content\/uploads\/2021\/10\/watertowater.jpg","type":"image\/jpeg"}],"twitter_card":"summary_large_image","schema":{"@context":"https:\/\/schema.org","@graph":[{"@type":"WebPage","@id":"https:\/\/ekoturka.com\/en\/urun\/ecocycle-w25\/","url":"https:\/\/ekoturka.com\/en\/urun\/ecocycle-w25\/","name":"Ecocycle W25 | Ecocycle","isPartOf":{"@id":"http:\/\/ekoturka.com\/en\/#website"},"datePublished":"2021-10-23T09:25:30+00:00","dateModified":"2025-09-16T17:59:29+00:00","breadcrumb":{"@id":"https:\/\/ekoturka.com\/en\/urun\/ecocycle-w25\/#breadcrumb"},"inLanguage":"tr","potentialAction":[{"@type":"ReadAction","target":["https:\/\/ekoturka.com\/en\/urun\/ecocycle-w25\/"]}]},{"@type":"BreadcrumbList","@id":"https:\/\/ekoturka.com\/en\/urun\/ecocycle-w25\/#breadcrumb","itemListElement":[{"@type":"ListItem","position":1,"name":"Home","item":"http:\/\/ekoturka.com\/en\/"},{"@type":"ListItem","position":2,"name":"Ecocycle Heat Pumps","item":"https:\/\/ekoturka.com\/en\/heat-pumps\/"},{"@type":"ListItem","position":3,"name":"Ecocycle W25"}]},{"@type":"WebSite","@id":"http:\/\/ekoturka.com\/en\/#website","url":"http:\/\/ekoturka.com\/en\/","name":"Ecocycle","description":"Heat Pump","publisher":{"@id":"http:\/\/ekoturka.com\/en\/#organization"},"potentialAction":[{"@type":"SearchAction","target":{"@type":"EntryPoint","urlTemplate":"http:\/\/ekoturka.com\/en\/?s={search_term_string}"},"query-input":"required name=search_term_string"}],"inLanguage":"tr"},{"@type":"Organization","@id":"http:\/\/ekoturka.com\/en\/#organization","name":"Ecocycle Heat Pumps","url":"http:\/\/ekoturka.com\/en\/","logo":{"@type":"ImageObject","inLanguage":"tr","@id":"http:\/\/ekoturka.com\/en\/#\/schema\/logo\/image\/","url":"https:\/\/ekoturka.com\/wp-content\/uploads\/2021\/11\/logo-ecocycle-heat-pumps-min.jpg","contentUrl":"https:\/\/ekoturka.com\/wp-content\/uploads\/2021\/11\/logo-ecocycle-heat-pumps-min.jpg","width":534,"height":150,"caption":"Ecocycle Heat Pumps"},"image":{"@id":"http:\/\/ekoturka.com\/en\/#\/schema\/logo\/image\/"}}]}},"_links":{"self":[{"href":"https:\/\/ekoturka.com\/tr\/wp-json\/wp\/v2\/product\/12239","targetHints":{"allow":["GET"]}}],"collection":[{"href":"https:\/\/ekoturka.com\/tr\/wp-json\/wp\/v2\/product"}],"about":[{"href":"https:\/\/ekoturka.com\/tr\/wp-json\/wp\/v2\/types\/product"}],"version-history":[{"count":10,"href":"https:\/\/ekoturka.com\/tr\/wp-json\/wp\/v2\/product\/12239\/revisions"}],"predecessor-version":[{"id":13205,"href":"https:\/\/ekoturka.com\/tr\/wp-json\/wp\/v2\/product\/12239\/revisions\/13205"}],"wp:featuredmedia":[{"embeddable":true,"href":"https:\/\/ekoturka.com\/tr\/wp-json\/wp\/v2\/media\/12190"}],"wp:attachment":[{"href":"https:\/\/ekoturka.com\/tr\/wp-json\/wp\/v2\/media?parent=12239"}],"wp:term":[{"taxonomy":"product_cat","embeddable":true,"href":"https:\/\/ekoturka.com\/tr\/wp-json\/wp\/v2\/product_cat?post=12239"},{"taxonomy":"product_tag","embeddable":true,"href":"https:\/\/ekoturka.com\/tr\/wp-json\/wp\/v2\/product_tag?post=12239"}],"curies":[{"name":"wp","href":"https:\/\/api.w.org\/{rel}","templated":true}]}}